{"id":678,"date":"2017-03-27T16:37:43","date_gmt":"2017-03-27T16:37:43","guid":{"rendered":"https:\/\/www.balticcar.ee\/autopesula\/?page_id=678"},"modified":"2020-09-10T08:42:19","modified_gmt":"2020-09-10T08:42:19","slug":"kemiallinen-sisapesu-markapuhdistus","status":"publish","type":"page","link":"https:\/\/www.balticcar.ee\/autopesula\/fin\/sisainen-puhdistus\/kemiallinen-sisapesu-markapuhdistus\/","title":{"rendered":"Kemiallinen sis\u00e4pesu, m\u00e4rk\u00e4puhdistus"},"content":{"rendered":"<h3><span style=\"color: #3366ff;\">M\u00e4rk\u00e4puhdistus imurointi, kangaskaton shampoopesu, istuimet, matot, nahka- ja muovipintojen syva\u0308puhdistus.<\/span><\/h3>\n<p>Auton verhoilun puhdistus vaatii erikoisosaamista. Me puhdistamme autosi verhoilun hell\u00e4varaisella, mutta tehokkaalla pesuaineella ja painehuuhtelulaitteella.<\/p>\n<p>Kemiallinen puhdistus sis\u00e4lt\u00e4\u00e4: Istuinten, lattioiden, ovipehmusteiden, tekstiilimattojen m\u00e4rk\u00e4pesun. Kaikkien muovipintojen pesun jne.<\/p>\n<p>Puhdistamme my\u00f6s vaikeat kohteet. Vaaleiden ja erityisen likaisten verhoiluiden puhdistuksesta veloitamme tapauskohtaisesti.<\/p>\n<p>Me pyrimme aina palvelemaan asiakkaamme parhaamme mukaan.<\/p>\n<p style=\"text-align: right;\"><span style=\"color: #3366ff;\"><strong><a style=\"color: #3366ff;\" href=\"https:\/\/www.balticcar.ee\/autopesula\/fin\/yhteys\/\">Kysy lis\u00e4\u00e4:<\/a><\/strong><\/span><\/p>\n<h3 style=\"text-align: center;\">&#8211; Kemiallinen sis\u00e4pesu, m\u00e4rk\u00e4puhdistus &#8211;<\/h3>\n","protected":false},"excerpt":{"rendered":"<p>M\u00e4rk\u00e4puhdistus imurointi, kangaskaton shampoopesu, istuimet, matot, nahka- ja [&hellip;]<\/p>\n","protected":false},"author":2,"featured_media":229,"parent":359,"menu_order":0,"comment_status":"closed","ping_status":"closed","template":"","meta":[],"acf":[],"yoast_head":"<!-- This site is optimized with the Yoast SEO plugin v20.11 - https:\/\/yoast.com\/wordpress\/plugins\/seo\/ -->\n<title>Kemiallinen sis\u00e4pesu, m\u00e4rk\u00e4puhdistus - Baltic Car Rehvid<\/title>\n<meta name=\"description\" content=\"Kemiallinen sis\u00e4pesu, m\u00e4rk\u00e4puhdistus - imurointi, kangaskaton shampoopesu, istuimet, matot, nahka- ja muovipintojen syva\u0308puhdistus tehokkaalla pesuaineella\" \/>\n<meta name=\"robots\" content=\"index, follow, max-snippet:-1, max-image-preview:large, max-video-preview:-1\" \/>\n<link rel=\"canonical\" href=\"https:\/\/www.balticcar.ee\/autopesula\/fin\/sisainen-puhdistus\/kemiallinen-sisapesu-markapuhdistus\/\" \/>\n<meta property=\"og:locale\" content=\"en_US\" \/>\n<meta property=\"og:type\" content=\"article\" \/>\n<meta property=\"og:title\" content=\"Kemiallinen sis\u00e4pesu, m\u00e4rk\u00e4puhdistus - Baltic Car Rehvid\" \/>\n<meta property=\"og:description\" content=\"Kemiallinen sis\u00e4pesu, m\u00e4rk\u00e4puhdistus - imurointi, kangaskaton shampoopesu, istuimet, matot, nahka- ja muovipintojen syva\u0308puhdistus tehokkaalla pesuaineella\" \/>\n<meta property=\"og:url\" content=\"https:\/\/www.balticcar.ee\/autopesula\/fin\/sisainen-puhdistus\/kemiallinen-sisapesu-markapuhdistus\/\" \/>\n<meta property=\"og:site_name\" content=\"Baltic Car Rehvid\" \/>\n<meta property=\"article:modified_time\" content=\"2020-09-10T08:42:19+00:00\" \/>\n<meta property=\"og:image\" content=\"https:\/\/www.balticcar.ee\/autopesula\/wp-content\/uploads\/2017\/02\/1492.jpg\" \/>\n\t<meta property=\"og:image:width\" content=\"1024\" \/>\n\t<meta property=\"og:image:height\" content=\"683\" \/>\n\t<meta property=\"og:image:type\" content=\"image\/jpeg\" \/>\n<meta name=\"twitter:card\" content=\"summary_large_image\" \/>\n<script type=\"application\/ld+json\" class=\"yoast-schema-graph\">{\"@context\":\"https:\/\/schema.org\",\"@graph\":[{\"@type\":\"WebPage\",\"@id\":\"https:\/\/www.balticcar.ee\/autopesula\/fin\/sisainen-puhdistus\/kemiallinen-sisapesu-markapuhdistus\/\",\"url\":\"https:\/\/www.balticcar.ee\/autopesula\/fin\/sisainen-puhdistus\/kemiallinen-sisapesu-markapuhdistus\/\",\"name\":\"Kemiallinen sis\u00e4pesu, m\u00e4rk\u00e4puhdistus - Baltic Car Rehvid\",\"isPartOf\":{\"@id\":\"https:\/\/www.balticcar.ee\/autopesula\/#website\"},\"datePublished\":\"2017-03-27T16:37:43+00:00\",\"dateModified\":\"2020-09-10T08:42:19+00:00\",\"description\":\"Kemiallinen sis\u00e4pesu, m\u00e4rk\u00e4puhdistus - imurointi, kangaskaton shampoopesu, istuimet, matot, nahka- ja muovipintojen syva\u0308puhdistus tehokkaalla pesuaineella\",\"breadcrumb\":{\"@id\":\"https:\/\/www.balticcar.ee\/autopesula\/fin\/sisainen-puhdistus\/kemiallinen-sisapesu-markapuhdistus\/#breadcrumb\"},\"inLanguage\":\"en-US\",\"potentialAction\":[{\"@type\":\"ReadAction\",\"target\":[\"https:\/\/www.balticcar.ee\/autopesula\/fin\/sisainen-puhdistus\/kemiallinen-sisapesu-markapuhdistus\/\"]}]},{\"@type\":\"BreadcrumbList\",\"@id\":\"https:\/\/www.balticcar.ee\/autopesula\/fin\/sisainen-puhdistus\/kemiallinen-sisapesu-markapuhdistus\/#breadcrumb\",\"itemListElement\":[{\"@type\":\"ListItem\",\"position\":1,\"name\":\"Home\",\"item\":\"https:\/\/www.balticcar.ee\/autopesula\/\"},{\"@type\":\"ListItem\",\"position\":2,\"name\":\"Sis\u00e4inen puhdistus\",\"item\":\"https:\/\/www.balticcar.ee\/autopesula\/fin\/sisainen-puhdistus\/\"},{\"@type\":\"ListItem\",\"position\":3,\"name\":\"Kemiallinen sis\u00e4pesu, m\u00e4rk\u00e4puhdistus\"}]},{\"@type\":\"WebSite\",\"@id\":\"https:\/\/www.balticcar.ee\/autopesula\/#website\",\"url\":\"https:\/\/www.balticcar.ee\/autopesula\/\",\"name\":\"Baltic Car Rehvid\",\"description\":\"Rehvid &amp; Rehvivahetus\",\"potentialAction\":[{\"@type\":\"SearchAction\",\"target\":{\"@type\":\"EntryPoint\",\"urlTemplate\":\"https:\/\/www.balticcar.ee\/autopesula\/?s={search_term_string}\"},\"query-input\":\"required name=search_term_string\"}],\"inLanguage\":\"en-US\"}]}<\/script>\n<!-- \/ Yoast SEO plugin. -->","yoast_head_json":{"title":"Kemiallinen sis\u00e4pesu, m\u00e4rk\u00e4puhdistus - Baltic Car Rehvid","description":"Kemiallinen sis\u00e4pesu, m\u00e4rk\u00e4puhdistus - imurointi, kangaskaton shampoopesu, istuimet, matot, nahka- ja muovipintojen syva\u0308puhdistus tehokkaalla pesuaineella","robots":{"index":"index","follow":"follow","max-snippet":"max-snippet:-1","max-image-preview":"max-image-preview:large","max-video-preview":"max-video-preview:-1"},"canonical":"https:\/\/www.balticcar.ee\/autopesula\/fin\/sisainen-puhdistus\/kemiallinen-sisapesu-markapuhdistus\/","og_locale":"en_US","og_type":"article","og_title":"Kemiallinen sis\u00e4pesu, m\u00e4rk\u00e4puhdistus - Baltic Car Rehvid","og_description":"Kemiallinen sis\u00e4pesu, m\u00e4rk\u00e4puhdistus - imurointi, kangaskaton shampoopesu, istuimet, matot, nahka- ja muovipintojen syva\u0308puhdistus tehokkaalla pesuaineella","og_url":"https:\/\/www.balticcar.ee\/autopesula\/fin\/sisainen-puhdistus\/kemiallinen-sisapesu-markapuhdistus\/","og_site_name":"Baltic Car Rehvid","article_modified_time":"2020-09-10T08:42:19+00:00","og_image":[{"width":1024,"height":683,"url":"https:\/\/www.balticcar.ee\/autopesula\/wp-content\/uploads\/2017\/02\/1492.jpg","type":"image\/jpeg"}],"twitter_card":"summary_large_image","schema":{"@context":"https:\/\/schema.org","@graph":[{"@type":"WebPage","@id":"https:\/\/www.balticcar.ee\/autopesula\/fin\/sisainen-puhdistus\/kemiallinen-sisapesu-markapuhdistus\/","url":"https:\/\/www.balticcar.ee\/autopesula\/fin\/sisainen-puhdistus\/kemiallinen-sisapesu-markapuhdistus\/","name":"Kemiallinen sis\u00e4pesu, m\u00e4rk\u00e4puhdistus - Baltic Car Rehvid","isPartOf":{"@id":"https:\/\/www.balticcar.ee\/autopesula\/#website"},"datePublished":"2017-03-27T16:37:43+00:00","dateModified":"2020-09-10T08:42:19+00:00","description":"Kemiallinen sis\u00e4pesu, m\u00e4rk\u00e4puhdistus - imurointi, kangaskaton shampoopesu, istuimet, matot, nahka- ja muovipintojen syva\u0308puhdistus tehokkaalla pesuaineella","breadcrumb":{"@id":"https:\/\/www.balticcar.ee\/autopesula\/fin\/sisainen-puhdistus\/kemiallinen-sisapesu-markapuhdistus\/#breadcrumb"},"inLanguage":"en-US","potentialAction":[{"@type":"ReadAction","target":["https:\/\/www.balticcar.ee\/autopesula\/fin\/sisainen-puhdistus\/kemiallinen-sisapesu-markapuhdistus\/"]}]},{"@type":"BreadcrumbList","@id":"https:\/\/www.balticcar.ee\/autopesula\/fin\/sisainen-puhdistus\/kemiallinen-sisapesu-markapuhdistus\/#breadcrumb","itemListElement":[{"@type":"ListItem","position":1,"name":"Home","item":"https:\/\/www.balticcar.ee\/autopesula\/"},{"@type":"ListItem","position":2,"name":"Sis\u00e4inen puhdistus","item":"https:\/\/www.balticcar.ee\/autopesula\/fin\/sisainen-puhdistus\/"},{"@type":"ListItem","position":3,"name":"Kemiallinen sis\u00e4pesu, m\u00e4rk\u00e4puhdistus"}]},{"@type":"WebSite","@id":"https:\/\/www.balticcar.ee\/autopesula\/#website","url":"https:\/\/www.balticcar.ee\/autopesula\/","name":"Baltic Car Rehvid","description":"Rehvid &amp; Rehvivahetus","potentialAction":[{"@type":"SearchAction","target":{"@type":"EntryPoint","urlTemplate":"https:\/\/www.balticcar.ee\/autopesula\/?s={search_term_string}"},"query-input":"required name=search_term_string"}],"inLanguage":"en-US"}]}},"_links":{"self":[{"href":"https:\/\/www.balticcar.ee\/autopesula\/wp-json\/wp\/v2\/pages\/678"}],"collection":[{"href":"https:\/\/www.balticcar.ee\/autopesula\/wp-json\/wp\/v2\/pages"}],"about":[{"href":"https:\/\/www.balticcar.ee\/autopesula\/wp-json\/wp\/v2\/types\/page"}],"author":[{"embeddable":true,"href":"https:\/\/www.balticcar.ee\/autopesula\/wp-json\/wp\/v2\/users\/2"}],"replies":[{"embeddable":true,"href":"https:\/\/www.balticcar.ee\/autopesula\/wp-json\/wp\/v2\/comments?post=678"}],"version-history":[{"count":0,"href":"https:\/\/www.balticcar.ee\/autopesula\/wp-json\/wp\/v2\/pages\/678\/revisions"}],"up":[{"embeddable":true,"href":"https:\/\/www.balticcar.ee\/autopesula\/wp-json\/wp\/v2\/pages\/359"}],"wp:featuredmedia":[{"embeddable":true,"href":"https:\/\/www.balticcar.ee\/autopesula\/wp-json\/wp\/v2\/media\/229"}],"wp:attachment":[{"href":"https:\/\/www.balticcar.ee\/autopesula\/wp-json\/wp\/v2\/media?parent=678"}],"curies":[{"name":"wp","href":"https:\/\/api.w.org\/{rel}","templated":true}]}}