{"id":528,"date":"2017-03-10T08:15:14","date_gmt":"2017-03-10T08:15:14","guid":{"rendered":"http:\/\/www.balticcar.ee\/autopesula\/?page_id=528"},"modified":"2021-03-25T22:08:13","modified_gmt":"2021-03-25T22:08:13","slug":"autopesija-rehvitehnik","status":"publish","type":"page","link":"https:\/\/www.balticcar.ee\/autopesula\/autopesija-rehvitehnik\/","title":{"rendered":"Autopesija, rehvitehnik"},"content":{"rendered":"<h5 style=\"text-align: left;\"><span style=\"color: #a6a4a4;\">&#8211; Autopesija, rehvitehnik &#8211;<\/span><\/h5>\n<h1 style=\"text-align: center;\"><span style=\"font-size: 24pt; color: #3366ff;\">Pakume t\u00f6\u00f6d AUTOPESIJALE\u00a0<\/span><\/h1>\n<h1 style=\"text-align: center;\"><span style=\"font-size: 12pt;\"> Kui oled autodega sinapeal, siis v\u00f5ib see t\u00f6\u00f6koht olla sulle sobiv.\u00a0\u00a0<\/span><\/h1>\n<h1 style=\"text-align: center;\"><span style=\"font-size: 12pt;\"><a href=\"https:\/\/www.balticcar.ee\/autopesula\/est\/valipesu-kasipesula-pirital\/\"><img decoding=\"async\" loading=\"lazy\" class=\"alignnone wp-image-1138 size-full\" title=\"Autopesija, rehvitehnik\" src=\"https:\/\/www.balticcar.ee\/autopesula\/wp-content\/uploads\/2019\/03\/Autopesija.jpg\" alt=\"Autopesija, rehvitehnik\" width=\"438\" height=\"259\" srcset=\"https:\/\/www.balticcar.ee\/autopesula\/wp-content\/uploads\/2019\/03\/Autopesija.jpg 438w, https:\/\/www.balticcar.ee\/autopesula\/wp-content\/uploads\/2019\/03\/Autopesija-300x177.jpg 300w\" sizes=\"(max-width: 438px) 100vw, 438px\" \/><\/a><\/span><br \/>\n<span style=\"font-size: 12pt;\"> T\u00f6\u00f6ks on vajalik, et saad hakkama ka vene keelega. Kasuks <\/span><span class=\"text_exposed_show\"><span style=\"font-size: 12pt;\">tuleb, kui oled tegelenud autode puhastust\u00f6\u00f6dega.<\/span>\u00a0<\/span><\/h1>\n<p><span style=\"font-size: 12pt;\">T\u00f6\u00f6tasu on motiveeriv ja s\u00f5ltub t\u00f6\u00f6koormusest ning oskustest vahemikus 1000 -1400 \u20ac.<\/span><br \/>\n<span style=\"font-size: 12pt;\">Kui hindad heaks oma t\u00f6\u00f6sse suhtumist ja lojaalsust oled tragi ning omad v\u00e4hemalt <strong>B<\/strong>&#8211; kat juhiluba, siis <span style=\"color: #3366ff;\">saada palun enda info<strong> Messengeri <\/strong>v\u00f5i<strong> e-mailile:\u00a0 autofresh@balticcar.ee\u00a0\u00a0<\/strong><\/span><\/span><\/p>\n<p>&nbsp;<\/p>\n<p style=\"text-align: right;\"><span style=\"color: #a6a4a4;\">&#8211; Autopesija, rehvitehnik &#8211;<\/span><\/p>\n<p>&nbsp;<\/p>\n<p style=\"text-align: right;\">\n","protected":false},"excerpt":{"rendered":"<p>&#8211; Autopesija, rehvitehnik &#8211; Pakume t\u00f6\u00f6d AUTOPESIJALE\u00a0 Kui [&hellip;]<\/p>\n","protected":false},"author":2,"featured_media":0,"parent":0,"menu_order":3,"comment_status":"closed","ping_status":"closed","template":"contact.php","meta":[],"acf":[],"yoast_head":"<!-- This site is optimized with the Yoast SEO plugin v20.11 - https:\/\/yoast.com\/wordpress\/plugins\/seo\/ -->\n<title>Autopesija, rehvitehnik - Baltic Car Rehvid Autopesija, rehvitehnik<\/title>\n<meta name=\"description\" content=\"Autopesija, rehvitehnik. Kui oled autodega sinapeal, siis v\u00f5ib see t\u00f6\u00f6koht olla sulle sobiv. Saada enda info siia: autofresh@balticcar.ee\u00a0\" \/>\n<meta name=\"robots\" content=\"index, follow, max-snippet:-1, max-image-preview:large, max-video-preview:-1\" \/>\n<link rel=\"canonical\" href=\"https:\/\/www.balticcar.ee\/autopesula\/autopesija-rehvitehnik\/\" \/>\n<meta property=\"og:locale\" content=\"en_US\" \/>\n<meta property=\"og:type\" content=\"article\" \/>\n<meta property=\"og:title\" content=\"Autopesija, rehvitehnik - Baltic Car Rehvid Autopesija, rehvitehnik\" \/>\n<meta property=\"og:description\" content=\"Autopesija, rehvitehnik. Kui oled autodega sinapeal, siis v\u00f5ib see t\u00f6\u00f6koht olla sulle sobiv. Saada enda info siia: autofresh@balticcar.ee\u00a0\" \/>\n<meta property=\"og:url\" content=\"https:\/\/www.balticcar.ee\/autopesula\/autopesija-rehvitehnik\/\" \/>\n<meta property=\"og:site_name\" content=\"Baltic Car Rehvid\" \/>\n<meta property=\"article:modified_time\" content=\"2021-03-25T22:08:13+00:00\" \/>\n<meta property=\"og:image\" content=\"https:\/\/www.balticcar.ee\/autopesula\/wp-content\/uploads\/2019\/03\/Autopesija.jpg\" \/>\n<meta name=\"twitter:card\" content=\"summary_large_image\" \/>\n<meta name=\"twitter:label1\" content=\"Est. reading time\" \/>\n\t<meta name=\"twitter:data1\" content=\"1 minute\" \/>\n<script type=\"application\/ld+json\" class=\"yoast-schema-graph\">{\"@context\":\"https:\/\/schema.org\",\"@graph\":[{\"@type\":\"WebPage\",\"@id\":\"https:\/\/www.balticcar.ee\/autopesula\/autopesija-rehvitehnik\/\",\"url\":\"https:\/\/www.balticcar.ee\/autopesula\/autopesija-rehvitehnik\/\",\"name\":\"Autopesija, rehvitehnik - Baltic Car Rehvid Autopesija, rehvitehnik\",\"isPartOf\":{\"@id\":\"https:\/\/www.balticcar.ee\/autopesula\/#website\"},\"datePublished\":\"2017-03-10T08:15:14+00:00\",\"dateModified\":\"2021-03-25T22:08:13+00:00\",\"description\":\"Autopesija, rehvitehnik. Kui oled autodega sinapeal, siis v\u00f5ib see t\u00f6\u00f6koht olla sulle sobiv. Saada enda info siia: autofresh@balticcar.ee\u00a0\",\"breadcrumb\":{\"@id\":\"https:\/\/www.balticcar.ee\/autopesula\/autopesija-rehvitehnik\/#breadcrumb\"},\"inLanguage\":\"en-US\",\"potentialAction\":[{\"@type\":\"ReadAction\",\"target\":[\"https:\/\/www.balticcar.ee\/autopesula\/autopesija-rehvitehnik\/\"]}]},{\"@type\":\"BreadcrumbList\",\"@id\":\"https:\/\/www.balticcar.ee\/autopesula\/autopesija-rehvitehnik\/#breadcrumb\",\"itemListElement\":[{\"@type\":\"ListItem\",\"position\":1,\"name\":\"Home\",\"item\":\"https:\/\/www.balticcar.ee\/autopesula\/\"},{\"@type\":\"ListItem\",\"position\":2,\"name\":\"Autopesija, rehvitehnik\"}]},{\"@type\":\"WebSite\",\"@id\":\"https:\/\/www.balticcar.ee\/autopesula\/#website\",\"url\":\"https:\/\/www.balticcar.ee\/autopesula\/\",\"name\":\"Baltic Car Rehvid\",\"description\":\"Rehvid &amp; Rehvivahetus\",\"potentialAction\":[{\"@type\":\"SearchAction\",\"target\":{\"@type\":\"EntryPoint\",\"urlTemplate\":\"https:\/\/www.balticcar.ee\/autopesula\/?s={search_term_string}\"},\"query-input\":\"required name=search_term_string\"}],\"inLanguage\":\"en-US\"}]}<\/script>\n<!-- \/ Yoast SEO plugin. -->","yoast_head_json":{"title":"Autopesija, rehvitehnik - Baltic Car Rehvid Autopesija, rehvitehnik","description":"Autopesija, rehvitehnik. Kui oled autodega sinapeal, siis v\u00f5ib see t\u00f6\u00f6koht olla sulle sobiv. Saada enda info siia: autofresh@balticcar.ee\u00a0","robots":{"index":"index","follow":"follow","max-snippet":"max-snippet:-1","max-image-preview":"max-image-preview:large","max-video-preview":"max-video-preview:-1"},"canonical":"https:\/\/www.balticcar.ee\/autopesula\/autopesija-rehvitehnik\/","og_locale":"en_US","og_type":"article","og_title":"Autopesija, rehvitehnik - Baltic Car Rehvid Autopesija, rehvitehnik","og_description":"Autopesija, rehvitehnik. Kui oled autodega sinapeal, siis v\u00f5ib see t\u00f6\u00f6koht olla sulle sobiv. Saada enda info siia: autofresh@balticcar.ee\u00a0","og_url":"https:\/\/www.balticcar.ee\/autopesula\/autopesija-rehvitehnik\/","og_site_name":"Baltic Car Rehvid","article_modified_time":"2021-03-25T22:08:13+00:00","og_image":[{"url":"https:\/\/www.balticcar.ee\/autopesula\/wp-content\/uploads\/2019\/03\/Autopesija.jpg"}],"twitter_card":"summary_large_image","twitter_misc":{"Est. reading time":"1 minute"},"schema":{"@context":"https:\/\/schema.org","@graph":[{"@type":"WebPage","@id":"https:\/\/www.balticcar.ee\/autopesula\/autopesija-rehvitehnik\/","url":"https:\/\/www.balticcar.ee\/autopesula\/autopesija-rehvitehnik\/","name":"Autopesija, rehvitehnik - Baltic Car Rehvid Autopesija, rehvitehnik","isPartOf":{"@id":"https:\/\/www.balticcar.ee\/autopesula\/#website"},"datePublished":"2017-03-10T08:15:14+00:00","dateModified":"2021-03-25T22:08:13+00:00","description":"Autopesija, rehvitehnik. Kui oled autodega sinapeal, siis v\u00f5ib see t\u00f6\u00f6koht olla sulle sobiv. Saada enda info siia: autofresh@balticcar.ee\u00a0","breadcrumb":{"@id":"https:\/\/www.balticcar.ee\/autopesula\/autopesija-rehvitehnik\/#breadcrumb"},"inLanguage":"en-US","potentialAction":[{"@type":"ReadAction","target":["https:\/\/www.balticcar.ee\/autopesula\/autopesija-rehvitehnik\/"]}]},{"@type":"BreadcrumbList","@id":"https:\/\/www.balticcar.ee\/autopesula\/autopesija-rehvitehnik\/#breadcrumb","itemListElement":[{"@type":"ListItem","position":1,"name":"Home","item":"https:\/\/www.balticcar.ee\/autopesula\/"},{"@type":"ListItem","position":2,"name":"Autopesija, rehvitehnik"}]},{"@type":"WebSite","@id":"https:\/\/www.balticcar.ee\/autopesula\/#website","url":"https:\/\/www.balticcar.ee\/autopesula\/","name":"Baltic Car Rehvid","description":"Rehvid &amp; Rehvivahetus","potentialAction":[{"@type":"SearchAction","target":{"@type":"EntryPoint","urlTemplate":"https:\/\/www.balticcar.ee\/autopesula\/?s={search_term_string}"},"query-input":"required name=search_term_string"}],"inLanguage":"en-US"}]}},"_links":{"self":[{"href":"https:\/\/www.balticcar.ee\/autopesula\/wp-json\/wp\/v2\/pages\/528"}],"collection":[{"href":"https:\/\/www.balticcar.ee\/autopesula\/wp-json\/wp\/v2\/pages"}],"about":[{"href":"https:\/\/www.balticcar.ee\/autopesula\/wp-json\/wp\/v2\/types\/page"}],"author":[{"embeddable":true,"href":"https:\/\/www.balticcar.ee\/autopesula\/wp-json\/wp\/v2\/users\/2"}],"replies":[{"embeddable":true,"href":"https:\/\/www.balticcar.ee\/autopesula\/wp-json\/wp\/v2\/comments?post=528"}],"version-history":[{"count":0,"href":"https:\/\/www.balticcar.ee\/autopesula\/wp-json\/wp\/v2\/pages\/528\/revisions"}],"wp:attachment":[{"href":"https:\/\/www.balticcar.ee\/autopesula\/wp-json\/wp\/v2\/media?parent=528"}],"curies":[{"name":"wp","href":"https:\/\/api.w.org\/{rel}","templated":true}]}}