{"id":363,"date":"2017-02-13T14:56:23","date_gmt":"2017-02-13T14:56:23","guid":{"rendered":"http:\/\/www.balticcar.ee\/autopesula\/?page_id=363"},"modified":"2020-10-14T16:48:16","modified_gmt":"2020-10-14T16:48:16","slug":"external-cleaning","status":"publish","type":"page","link":"https:\/\/www.balticcar.ee\/autopesula\/eng\/external-cleaning\/","title":{"rendered":"External cleaning"},"content":{"rendered":"<h2 style=\"text-align: center;\">External cleaning is a basic treatment that can be completed with various more specific treatments.<\/h2>\n<p><img decoding=\"async\" loading=\"lazy\" class=\"alignleft wp-image-480 size-medium\" title=\"External cleaning\" src=\"https:\/\/www.balticcar.ee\/autopesula\/wp-content\/uploads\/2017\/02\/Pesula-pilt-3-300x223.jpg\" alt=\"External cleaning\" width=\"300\" height=\"223\" srcset=\"https:\/\/www.balticcar.ee\/autopesula\/wp-content\/uploads\/2017\/02\/Pesula-pilt-3-300x223.jpg 300w, https:\/\/www.balticcar.ee\/autopesula\/wp-content\/uploads\/2017\/02\/Pesula-pilt-3-768x572.jpg 768w, https:\/\/www.balticcar.ee\/autopesula\/wp-content\/uploads\/2017\/02\/Pesula-pilt-3-1024x762.jpg 1024w\" sizes=\"(max-width: 300px) 100vw, 300px\" \/><\/p>\n<p>Interior and exterior washing is a basic treatment that can be completed with various more specific treatments. We\u2019ll remove the dirt and grime from your paint, plastic trims, glass, wheels, chrome and exhaust tip.<\/p>\n<p>&nbsp;<\/p>\n<ul>\n<li>\u00a0Cleaning insects from the face of the vehicle<\/li>\n<li>\u00a0Shampooing en drying the bodywork<\/li>\n<li>\u00a0Drying the bodywork<\/li>\n<li>\u00a0Drying the doorways<\/li>\n<li>\u00a0 Wheel cleaning<\/li>\n<\/ul>\n<p>&nbsp;<\/p>\n<p>&nbsp;<\/p>\n<h3>Tar Removal<\/h3>\n<p>As the miles accumulate, tar stains appear on the lower body frame of your vehicle.\u00a0 This treatment consists of dissolving these unsightly stains with the help of adapted products.\u00a0 This treatment must be combined with exterior cleaning.<\/p>\n<h3>Complete outside \/\u00a0External cleaning<\/h3>\n<p>The full exterior reconditioning consists of degreasing of the doorways, removal of tar from the bodywork and revitalisation of the exterior plastics.<\/p>\n<p>Please contact us so that we can analyze your requirements and provide you with the best solution!<\/p>\n<p>&nbsp;<\/p>\n<table class=\"table table-striped\" style=\"width: 1379px;\">\n<thead>\n<tr>\n<th style=\"width: 154.306px;\">V\u00e4lipesu<\/th>\n<th style=\"width: 151.343px;\">S\u00f5iduauto<\/th>\n<th style=\"width: 143.194px;\">Maastur<\/th>\n<th style=\"width: 906.898px;\"><\/th>\n<\/tr>\n<\/thead>\n<tbody>\n<tr>\n<td style=\"width: 154.306px;\">Survepesu<\/td>\n<td style=\"width: 151.343px;\">13 \u20ac (15 Min)<\/td>\n<td style=\"width: 143.194px;\">14 \u20ac (18 Min)<\/td>\n<td style=\"width: 906.898px;\">Sisaldab leotusega survepesu ilma kuivatuseta<\/td>\n<\/tr>\n<tr>\n<td style=\"width: 154.306px;\">Kiirpesu<\/td>\n<td style=\"width: 151.343px;\">17 \u20ac (25 Min)<\/td>\n<td style=\"width: 143.194px;\">19 \u20ac (35 Min)<\/td>\n<td style=\"width: 906.898px;\">Leotus, survepesu, \u0161ampoonipesu, klaaside kuivatus<\/td>\n<\/tr>\n<tr>\n<td style=\"width: 154.306px;\">Auto kuivatus<\/td>\n<td style=\"width: 151.343px;\">4 \u20ac<\/td>\n<td style=\"width: 143.194px;\">6 \u20ac<\/td>\n<td style=\"width: 906.898px;\">Kuivatus koos uksevahede kuivatusega<\/td>\n<\/tr>\n<tr>\n<td style=\"width: 154.306px;\">Pigipesu<\/td>\n<td style=\"width: 151.343px;\">22 \u20ac (60 Min)<\/td>\n<td style=\"width: 143.194px;\">25 \u20ac (1,5 H)<\/td>\n<td style=\"width: 906.898px;\">Pigieemaldus, survepesu, \u0161ampoonipesu, uksevahede + velgede pesu, putukate eemaldus, kuivatusvaha ja auto kuivatus<\/td>\n<\/tr>\n<tr>\n<td style=\"width: 154.306px;\">Vahatamine kiirvahaga<\/td>\n<td style=\"width: 151.343px;\">35 \u20ac (1,5 H)<\/td>\n<td style=\"width: 143.194px;\">45 \u20ac (2 H)<\/td>\n<td style=\"width: 906.898px;\">P\u00f5hjalik v\u00e4lipesu ja vahatamine kvaliteetse kiirvahaga<\/td>\n<\/tr>\n<tr>\n<td style=\"width: 154.306px;\">Vahatamine p\u00fcsivahaga<\/td>\n<td style=\"width: 151.343px;\">90 \u20ac (3,5 H)<\/td>\n<td style=\"width: 143.194px;\">105 \u20ac (4 H)<\/td>\n<td style=\"width: 906.898px;\">P\u00f5hjalik v\u00e4lipesu, vahatamine kvaliteetse ja kauakestva p\u00fcsivahaga<\/td>\n<\/tr>\n<tr>\n<td style=\"width: 154.306px;\"><span style=\"color: #ff7700;\">Lisad<\/span><\/td>\n<td style=\"width: 151.343px;\"><\/td>\n<td style=\"width: 143.194px;\"><\/td>\n<td style=\"width: 906.898px;\"><\/td>\n<\/tr>\n<tr>\n<td style=\"width: 154.306px;\">Kummil\u00e4ige<\/td>\n<td style=\"width: 151.343px;\">4 \u20ac\/ 4tk<\/td>\n<td style=\"width: 143.194px;\">5\u20ac \/ 4 \u20ac<\/td>\n<td style=\"width: 906.898px;\">Rehvide t\u00f6\u00f6tlemine l\u00e4igestava kummi kaitsva ainega<\/td>\n<\/tr>\n<tr>\n<td style=\"width: 154.306px;\">Velgede v\u00e4lipuhastus<\/td>\n<td style=\"width: 151.343px;\">3 \u20ac \/tk<\/td>\n<td style=\"width: 143.194px;\">5 \u20ac \/tk<\/td>\n<td style=\"width: 906.898px;\">Velgedelt pigi ja mustuse p\u00f5hjalik eemaldamine<\/td>\n<\/tr>\n<tr>\n<td style=\"width: 154.306px;\">Putukate eemaldus<\/td>\n<td style=\"width: 151.343px;\">6\u00a0\u20ac<\/td>\n<td style=\"width: 143.194px;\">6 \u20ac<\/td>\n<td style=\"width: 906.898px;\"><\/td>\n<\/tr>\n<\/tbody>\n<\/table>\n<p>&nbsp;<\/p>\n<h2 style=\"text-align: center;\"><span style=\"color: #808080;\"><em>&#8211; External cleaning &#8211;<\/em><\/span><\/h2>\n","protected":false},"excerpt":{"rendered":"<p>External cleaning is a basic treatment that can [&hellip;]<\/p>\n","protected":false},"author":1,"featured_media":0,"parent":0,"menu_order":0,"comment_status":"closed","ping_status":"closed","template":"children.php","meta":[],"acf":[],"yoast_head":"<!-- This site is optimized with the Yoast SEO plugin v20.11 - https:\/\/yoast.com\/wordpress\/plugins\/seo\/ -->\n<title>External cleaning - Baltic Car Rehvid<\/title>\n<meta name=\"description\" content=\"External cleaning is a basic treatment that can be completed with various more specific treatments. The full exterior reconditioning consists of degreasing\" \/>\n<meta name=\"robots\" content=\"index, follow, max-snippet:-1, max-image-preview:large, max-video-preview:-1\" \/>\n<link rel=\"canonical\" href=\"https:\/\/www.balticcar.ee\/autopesula\/eng\/external-cleaning\/\" \/>\n<meta property=\"og:locale\" content=\"en_US\" \/>\n<meta property=\"og:type\" content=\"article\" \/>\n<meta property=\"og:title\" content=\"External cleaning - Baltic Car Rehvid\" \/>\n<meta property=\"og:description\" content=\"External cleaning is a basic treatment that can be completed with various more specific treatments. The full exterior reconditioning consists of degreasing\" \/>\n<meta property=\"og:url\" content=\"https:\/\/www.balticcar.ee\/autopesula\/eng\/external-cleaning\/\" \/>\n<meta property=\"og:site_name\" content=\"Baltic Car Rehvid\" \/>\n<meta property=\"article:modified_time\" content=\"2020-10-14T16:48:16+00:00\" \/>\n<meta property=\"og:image\" content=\"https:\/\/www.balticcar.ee\/autopesula\/wp-content\/uploads\/2017\/02\/Pesula-pilt-3-300x223.jpg\" \/>\n<meta name=\"twitter:card\" content=\"summary_large_image\" \/>\n<meta name=\"twitter:label1\" content=\"Est. reading time\" \/>\n\t<meta name=\"twitter:data1\" content=\"1 minute\" \/>\n<script type=\"application\/ld+json\" class=\"yoast-schema-graph\">{\"@context\":\"https:\/\/schema.org\",\"@graph\":[{\"@type\":\"WebPage\",\"@id\":\"https:\/\/www.balticcar.ee\/autopesula\/eng\/external-cleaning\/\",\"url\":\"https:\/\/www.balticcar.ee\/autopesula\/eng\/external-cleaning\/\",\"name\":\"External cleaning - Baltic Car Rehvid\",\"isPartOf\":{\"@id\":\"https:\/\/www.balticcar.ee\/autopesula\/#website\"},\"datePublished\":\"2017-02-13T14:56:23+00:00\",\"dateModified\":\"2020-10-14T16:48:16+00:00\",\"description\":\"External cleaning is a basic treatment that can be completed with various more specific treatments. The full exterior reconditioning consists of degreasing\",\"breadcrumb\":{\"@id\":\"https:\/\/www.balticcar.ee\/autopesula\/eng\/external-cleaning\/#breadcrumb\"},\"inLanguage\":\"en-US\",\"potentialAction\":[{\"@type\":\"ReadAction\",\"target\":[\"https:\/\/www.balticcar.ee\/autopesula\/eng\/external-cleaning\/\"]}]},{\"@type\":\"BreadcrumbList\",\"@id\":\"https:\/\/www.balticcar.ee\/autopesula\/eng\/external-cleaning\/#breadcrumb\",\"itemListElement\":[{\"@type\":\"ListItem\",\"position\":1,\"name\":\"Home\",\"item\":\"https:\/\/www.balticcar.ee\/autopesula\/\"},{\"@type\":\"ListItem\",\"position\":2,\"name\":\"External cleaning\"}]},{\"@type\":\"WebSite\",\"@id\":\"https:\/\/www.balticcar.ee\/autopesula\/#website\",\"url\":\"https:\/\/www.balticcar.ee\/autopesula\/\",\"name\":\"Baltic Car Rehvid\",\"description\":\"Rehvid &amp; Rehvivahetus\",\"potentialAction\":[{\"@type\":\"SearchAction\",\"target\":{\"@type\":\"EntryPoint\",\"urlTemplate\":\"https:\/\/www.balticcar.ee\/autopesula\/?s={search_term_string}\"},\"query-input\":\"required name=search_term_string\"}],\"inLanguage\":\"en-US\"}]}<\/script>\n<!-- \/ Yoast SEO plugin. -->","yoast_head_json":{"title":"External cleaning - Baltic Car Rehvid","description":"External cleaning is a basic treatment that can be completed with various more specific treatments. The full exterior reconditioning consists of degreasing","robots":{"index":"index","follow":"follow","max-snippet":"max-snippet:-1","max-image-preview":"max-image-preview:large","max-video-preview":"max-video-preview:-1"},"canonical":"https:\/\/www.balticcar.ee\/autopesula\/eng\/external-cleaning\/","og_locale":"en_US","og_type":"article","og_title":"External cleaning - Baltic Car Rehvid","og_description":"External cleaning is a basic treatment that can be completed with various more specific treatments. The full exterior reconditioning consists of degreasing","og_url":"https:\/\/www.balticcar.ee\/autopesula\/eng\/external-cleaning\/","og_site_name":"Baltic Car Rehvid","article_modified_time":"2020-10-14T16:48:16+00:00","og_image":[{"url":"https:\/\/www.balticcar.ee\/autopesula\/wp-content\/uploads\/2017\/02\/Pesula-pilt-3-300x223.jpg"}],"twitter_card":"summary_large_image","twitter_misc":{"Est. reading time":"1 minute"},"schema":{"@context":"https:\/\/schema.org","@graph":[{"@type":"WebPage","@id":"https:\/\/www.balticcar.ee\/autopesula\/eng\/external-cleaning\/","url":"https:\/\/www.balticcar.ee\/autopesula\/eng\/external-cleaning\/","name":"External cleaning - Baltic Car Rehvid","isPartOf":{"@id":"https:\/\/www.balticcar.ee\/autopesula\/#website"},"datePublished":"2017-02-13T14:56:23+00:00","dateModified":"2020-10-14T16:48:16+00:00","description":"External cleaning is a basic treatment that can be completed with various more specific treatments. The full exterior reconditioning consists of degreasing","breadcrumb":{"@id":"https:\/\/www.balticcar.ee\/autopesula\/eng\/external-cleaning\/#breadcrumb"},"inLanguage":"en-US","potentialAction":[{"@type":"ReadAction","target":["https:\/\/www.balticcar.ee\/autopesula\/eng\/external-cleaning\/"]}]},{"@type":"BreadcrumbList","@id":"https:\/\/www.balticcar.ee\/autopesula\/eng\/external-cleaning\/#breadcrumb","itemListElement":[{"@type":"ListItem","position":1,"name":"Home","item":"https:\/\/www.balticcar.ee\/autopesula\/"},{"@type":"ListItem","position":2,"name":"External cleaning"}]},{"@type":"WebSite","@id":"https:\/\/www.balticcar.ee\/autopesula\/#website","url":"https:\/\/www.balticcar.ee\/autopesula\/","name":"Baltic Car Rehvid","description":"Rehvid &amp; Rehvivahetus","potentialAction":[{"@type":"SearchAction","target":{"@type":"EntryPoint","urlTemplate":"https:\/\/www.balticcar.ee\/autopesula\/?s={search_term_string}"},"query-input":"required name=search_term_string"}],"inLanguage":"en-US"}]}},"_links":{"self":[{"href":"https:\/\/www.balticcar.ee\/autopesula\/wp-json\/wp\/v2\/pages\/363"}],"collection":[{"href":"https:\/\/www.balticcar.ee\/autopesula\/wp-json\/wp\/v2\/pages"}],"about":[{"href":"https:\/\/www.balticcar.ee\/autopesula\/wp-json\/wp\/v2\/types\/page"}],"author":[{"embeddable":true,"href":"https:\/\/www.balticcar.ee\/autopesula\/wp-json\/wp\/v2\/users\/1"}],"replies":[{"embeddable":true,"href":"https:\/\/www.balticcar.ee\/autopesula\/wp-json\/wp\/v2\/comments?post=363"}],"version-history":[{"count":0,"href":"https:\/\/www.balticcar.ee\/autopesula\/wp-json\/wp\/v2\/pages\/363\/revisions"}],"wp:attachment":[{"href":"https:\/\/www.balticcar.ee\/autopesula\/wp-json\/wp\/v2\/media?parent=363"}],"curies":[{"name":"wp","href":"https:\/\/api.w.org\/{rel}","templated":true}]}}