{"id":351,"date":"2017-02-13T14:47:02","date_gmt":"2017-02-13T14:47:02","guid":{"rendered":"http:\/\/www.balticcar.ee\/autopesula\/?page_id=351"},"modified":"2021-11-03T22:18:45","modified_gmt":"2021-11-03T22:18:45","slug":"rengastyot-renkaan-vaihto","status":"publish","type":"page","link":"https:\/\/www.balticcar.ee\/autopesula\/fin\/rengastyot-renkaan-vaihto\/","title":{"rendered":"Rengasty\u00f6t renkaan vaihto"},"content":{"rendered":"<p style=\"text-align: right;\"><span style=\"color: #999999;\">&#8211; Rengasty\u00f6t renkaan vaihto &#8211;<\/span><\/p>\n<p>Palveluihi<img decoding=\"async\" loading=\"lazy\" class=\"alignleft wp-image-701 size-medium\" title=\"Rengasty\u00f6t renkaan vaihto\" src=\"https:\/\/www.balticcar.ee\/autopesula\/wp-content\/uploads\/2017\/02\/tyres3-300x203.jpg\" alt=\"Rengasty\u00f6t renkaan vaihto\" width=\"300\" height=\"203\" srcset=\"https:\/\/www.balticcar.ee\/autopesula\/wp-content\/uploads\/2017\/02\/tyres3-300x203.jpg 300w, https:\/\/www.balticcar.ee\/autopesula\/wp-content\/uploads\/2017\/02\/tyres3.jpg 500w\" sizes=\"(max-width: 300px) 100vw, 300px\" \/>mme kuuluu renkaiden myynti ja vaihto -palvelut.<\/p>\n<p>Balticcar tarjoaa laajan valikoiman renkaita erilaisiin ajoneuvoihin: henkil\u00f6- ja pakettiautoihin, maastureihin. Rengasliikkeess\u00e4mme on aina hyv\u00e4t tarjoukset p\u00e4\u00e4ll\u00e4. Palveluitamme ovat asennukset, tasapainotukset, renkaiden kausis\u00e4ilytys.\u00a0Me pyrimme aina palvelemaan asiakkaamme parhaamme mukaan.<\/p>\n<p>Ammattitaitoisen henkil\u00f6kuntamme ja nykyaikaisten laitteiden avulla pystymme tarjoamaan kaikki renkaisiin ja vanteisiin liittyv\u00e4t palvelut sek\u00e4 auttamaan valitsemaan juuri sinun autoosi sopivat renkaat.\u00a0Joka ei voi tiet\u00e4\u00e4 kulloinkin edullisinta tapaa tai renkaanvaihto -paikkaa voi s\u00e4\u00e4st\u00e4\u00e4 sinulta paljon rahaa.<\/p>\n<h3 style=\"text-align: center;\"><span style=\"color: #3366ff;\"><strong>Rengashotelli<\/strong><img decoding=\"async\" loading=\"lazy\" class=\"alignright wp-image-704\" title=\"www.balticcar.ee\/autopesula\/fin\/rengastyot-renkaan-vaihto\/\" src=\"https:\/\/www.balticcar.ee\/autopesula\/wp-content\/uploads\/2017\/02\/balticcar.ee_.jpg\" alt=\"www.balticcar.ee\/autopesula\/fin\/rengastyot-renkaan-vaihto\/\" width=\"292\" height=\"192\" \/><br \/>\n<\/span><\/h3>\n<p style=\"text-align: right;\">Miss\u00e4 s\u00e4ilytt\u00e4\u00e4 talvi- tai kes\u00e4renkaat? Ratkaise tilaongelmat ja tuo meille renkaasi s\u00e4ilytykseen. Renkaiden kausis\u00e4ilytys on turvallinen ja helppo tapa huolehtia renkaiden oikeaoppisesesta s\u00e4ilytyksest\u00e4. Balticcar Rengashotellin s\u00e4ilytyspalvelut tarjoaa renkaiden s\u00e4ilytyst\u00e4 optimaalisissa olosuhteissa &#8211; kuivassa ja oikeassa l\u00e4mp\u00f6tilassa.<\/p>\n<p style=\"text-align: right;\">Palveluihimme kuuluu\u00a0my\u00f6s\u00a0auton k\u00e4sinpesut, vahaukset ja sis\u00e4puhdistukset sek\u00e4 muut autopesulapalvelut.<\/p>\n<p style=\"text-align: right;\">Luoksemme l\u00f6yd\u00e4t helposti, sill\u00e4 toimipisteemme sijaitsevat\u00a0Pirita TOP SPA Hotellin\u00a0varrella\u00a0parkkipaikalla.<\/p>\n<p style=\"text-align: right;\">Jos sinulla on mit\u00e4 tahansa kysytt\u00e4v\u00e4\u00e4 renkaiden vaihdosta tai huollosta, <span style=\"color: #3366ff;\"><strong><a style=\"color: #3366ff;\" href=\"http:\/\/www.balticcar.ee\/autopesula\/fin\/yhteys\/\">ota yhteytt\u00e4<\/a><\/strong><\/span> asiantuntevaan henkil\u00f6kuntaamme.<\/p>\n<p>&nbsp;<\/p>\n<div class=\"table-responsive\">\n<h2 style=\"text-align: center;\"><\/h2>\n<div class=\"table-responsive\">\n<table class=\"table table-striped\" style=\"width: 97.6941%;\">\n<thead>\n<tr>\n<th style=\"text-align: left; width: 59.3776%;\"><span style=\"font-size: 13pt;\"><span style=\"font-size: 14pt;\"><span style=\"font-size: 18pt;\"><strong>\u00a0 Rengasty\u00f6t<\/strong><\/span><\/span><span style=\"font-size: 18pt;\"><strong> \u00a0&#8211; \u00a0Henkil\u00f6autot<\/strong><\/span><\/span><\/th>\n<th style=\"width: 9.70245%;\"><\/th>\n<th style=\"width: 10.0191%;\"><\/th>\n<th style=\"width: 8.10811%;\"><\/th>\n<th style=\"width: 10.4505%;\"><\/th>\n<\/tr>\n<\/thead>\n<tbody>\n<tr>\n<td style=\"width: 59.3776%;\"><em>\u00a0 \u00a0 \u00a0 \u00a0 \u00a0 \u00a0 \u00a0 \u00a0 \u00a0 \u00a0 \u00a0 \u00a0 Rengas koko (tuumaa)<\/em><\/td>\n<td style=\"width: 9.70245%;\"><span style=\"color: #3366ff; font-size: 13pt;\">13-15\u201d<\/span><\/td>\n<td style=\"width: 10.0191%;\"><span style=\"color: #3366ff; font-size: 13pt;\">16-17\u201d<\/span><\/td>\n<td style=\"width: 8.10811%;\"><span style=\"color: #3366ff; font-size: 13pt;\">18\u201d<\/span><\/td>\n<td style=\"width: 10.4505%;\"><span style=\"color: #3366ff; font-size: 13pt;\">19-20\u201d<\/span><\/td>\n<\/tr>\n<tr>\n<td style=\"width: 59.3776%;\"><span style=\"color: #3366ff;\"><strong><span style=\"font-size: 12pt;\">\u00a0 \u00a0ALUMIINIVANTEET<\/span><\/strong><\/span><\/td>\n<td style=\"width: 9.70245%;\"><\/td>\n<td style=\"width: 10.0191%;\"><\/td>\n<td style=\"width: 8.10811%;\"><\/td>\n<td style=\"width: 10.4505%;\"><\/td>\n<\/tr>\n<tr>\n<td style=\"width: 59.3776%;\"><strong>4 rehvi t\u00e4isvahetus<\/strong><\/td>\n<td style=\"width: 9.70245%;\">33\u20ac<\/td>\n<td style=\"width: 10.0191%;\">38\u20ac<\/td>\n<td style=\"width: 8.10811%;\">49\u20ac<\/td>\n<td style=\"width: 10.4505%;\"><\/td>\n<\/tr>\n<tr>\n<td style=\"width: 59.3776%;\"><strong>1 rehvi t\u00e4isvahetus<\/strong><\/td>\n<td style=\"width: 9.70245%;\">9\u20ac<\/td>\n<td style=\"width: 10.0191%;\">11\u20ac<\/td>\n<td style=\"width: 8.10811%;\">12\u20ac<\/td>\n<td style=\"width: 10.4505%;\"><\/td>\n<\/tr>\n<tr>\n<td style=\"width: 59.3776%;\"><strong>4 ratta tasakaalustamine<\/strong> (\u00f5hu kontroll ja allapanek)<\/td>\n<td style=\"width: 9.70245%;\">25\u20ac<\/td>\n<td style=\"width: 10.0191%;\">29\u20ac<\/td>\n<td style=\"width: 8.10811%;\">32\u20ac<\/td>\n<td style=\"width: 10.4505%;\"><\/td>\n<\/tr>\n<tr>\n<td style=\"width: 59.3776%;\"><strong>1 ratta tasakaalustamine<\/strong> (\u00f5hu kontroll ja allapanek)<\/td>\n<td style=\"width: 9.70245%;\">6\u20ac<\/td>\n<td style=\"width: 10.0191%;\">8\u20ac<\/td>\n<td style=\"width: 8.10811%;\">9\u20ac<\/td>\n<td style=\"width: 10.4505%;\"><\/td>\n<\/tr>\n<tr>\n<td style=\"width: 59.3776%;\"><strong>1 komplektse ratta vahetus<\/strong><\/td>\n<td style=\"width: 9.70245%;\">4\u20ac<\/td>\n<td style=\"width: 10.0191%;\">5\u20ac<\/td>\n<td style=\"width: 8.10811%;\">5\u20ac<\/td>\n<td style=\"width: 10.4505%;\">6\u20ac<\/td>\n<\/tr>\n<tr>\n<td style=\"width: 59.3776%;\"><span style=\"color: #3366ff;\"><strong><span style=\"font-size: 13pt;\">\u00a0 \u00a0TER\u00c4SVANTEET<\/span><\/strong><\/span><\/td>\n<td style=\"width: 9.70245%;\"><\/td>\n<td style=\"width: 10.0191%;\"><\/td>\n<td style=\"width: 8.10811%;\"><\/td>\n<td style=\"width: 10.4505%;\"><\/td>\n<\/tr>\n<tr>\n<td style=\"width: 59.3776%;\"><strong>4 rehvi t\u00e4isvahetus<\/strong><\/td>\n<td style=\"width: 9.70245%;\">36\u20ac<\/td>\n<td style=\"width: 10.0191%;\">40\u20ac<\/td>\n<td style=\"width: 8.10811%;\">52\u20ac<\/td>\n<td style=\"width: 10.4505%;\">\u00a057\u20ac<\/td>\n<\/tr>\n<tr>\n<td style=\"width: 59.3776%;\"><strong>1 rehvi t\u00e4isvahetus<\/strong><\/td>\n<td style=\"width: 9.70245%;\">11\u20ac<\/td>\n<td style=\"width: 10.0191%;\">12\u20ac<\/td>\n<td style=\"width: 8.10811%;\">14\u20ac<\/td>\n<td style=\"width: 10.4505%;\">\u00a015\u20ac<\/td>\n<\/tr>\n<tr>\n<td style=\"width: 59.3776%;\"><strong>4 ratta tasakaalustamine<\/strong> (\u00f5hu kontroll ja allapanek)<\/td>\n<td style=\"width: 9.70245%;\">28\u20ac<\/td>\n<td style=\"width: 10.0191%;\">32\u20ac<\/td>\n<td style=\"width: 8.10811%;\">37\u20ac<\/td>\n<td style=\"width: 10.4505%;\">43\u20ac<\/td>\n<\/tr>\n<tr>\n<td style=\"width: 59.3776%;\"><strong>1 ratta tasakaalustamine<\/strong> (\u00f5hu kontroll ja allapanek)<\/td>\n<td style=\"width: 9.70245%;\">8\u20ac<\/td>\n<td style=\"width: 10.0191%;\">9\u20ac<\/td>\n<td style=\"width: 8.10811%;\">11\u20ac<\/td>\n<td style=\"width: 10.4505%;\">12\u20ac<\/td>\n<\/tr>\n<tr>\n<td style=\"width: 59.3776%;\"><strong>1 komplektse ratta vahetus<\/strong><\/td>\n<td style=\"width: 9.70245%;\">5\u20ac<\/td>\n<td style=\"width: 10.0191%;\">6\u20ac<\/td>\n<td style=\"width: 8.10811%;\">6\u20ac<\/td>\n<td style=\"width: 10.4505%;\">7\u20ac<\/td>\n<\/tr>\n<\/tbody>\n<\/table>\n<table class=\"table table-striped\" style=\"width: 97.6941%;\">\n<thead>\n<tr>\n<th style=\"width: 64.8649%; text-align: left;\" colspan=\"4\"><span style=\"font-size: 16pt;\"><strong>\u00a0 Rengasty\u00f6t\u00a0 &#8211;\u00a0 Farmari,\u00a0 Maasturi,\u00a0 Pakettiautot,\u00a0 Pikkupussit<\/strong><\/span><\/th>\n<th style=\"width: 7.56757%;\"><\/th>\n<\/tr>\n<\/thead>\n<tbody>\n<tr>\n<td style=\"width: 43.7838%;\">\u00a0 \u00a0 \u00a0 \u00a0 \u00a0 \u00a0 \u00a0 \u00a0 \u00a0 \u00a0 \u00a0 \u00a0 \u00a0 \u00a0 \u00a0 \u00a0<em>Rengas koko (tuumaa)<\/em><\/td>\n<td style=\"width: 7.38739%;\"><span style=\"color: #3366ff; font-size: 13pt;\">13-15\u201d<\/span><\/td>\n<td style=\"width: 7.38739%;\"><span style=\"color: #3366ff; font-size: 13pt;\">16-17\u201d<\/span><\/td>\n<td style=\"width: 6.30631%;\"><span style=\"color: #3366ff; font-size: 13pt;\">18\u201d<\/span><\/td>\n<td style=\"width: 7.56757%;\"><span style=\"color: #3366ff; font-size: 13pt;\">19-20\u201d<\/span><\/td>\n<\/tr>\n<tr>\n<td style=\"width: 43.7838%;\"><strong><span style=\"font-size: 12pt;\">\u00a0 \u00a0<span style=\"color: #3366ff;\">ALUMIINIVANTEET<\/span><\/span><\/strong><span style=\"font-size: 14pt; color: #3366ff;\"> JA <span style=\"color: #3366ff;\"><strong><span style=\"font-size: 13pt;\">TER\u00c4SVANTEET<\/span><\/strong><\/span><\/span><\/td>\n<td style=\"width: 7.38739%;\"><\/td>\n<td style=\"width: 7.38739%;\"><\/td>\n<td style=\"width: 6.30631%;\"><\/td>\n<td style=\"width: 7.56757%;\"><\/td>\n<\/tr>\n<tr>\n<td style=\"width: 43.7838%;\"><strong>4 rehvi t\u00e4isvahetus<\/strong><\/td>\n<td style=\"width: 7.38739%;\">39\u20ac<\/td>\n<td style=\"width: 7.38739%;\">43\u20ac<\/td>\n<td style=\"width: 6.30631%;\">54\u20ac<\/td>\n<td style=\"width: 7.56757%;\">\u00a059\u20ac<\/td>\n<\/tr>\n<tr>\n<td style=\"width: 43.7838%;\"><strong>1 rehvi t\u00e4isvahetus<\/strong><\/td>\n<td style=\"width: 7.38739%;\">11\u20ac<\/td>\n<td style=\"width: 7.38739%;\">12\u20ac<\/td>\n<td style=\"width: 6.30631%;\">14\u20ac<\/td>\n<td style=\"width: 7.56757%;\">\u00a015\u20ac<\/td>\n<\/tr>\n<tr>\n<td style=\"width: 43.7838%;\"><strong>4 ratta tasakaalustamine<\/strong> (\u00f5hu kontroll ja allapanek)<\/td>\n<td style=\"width: 7.38739%;\">30\u20ac<\/td>\n<td style=\"width: 7.38739%;\">35\u20ac<\/td>\n<td style=\"width: 6.30631%;\">39\u20ac<\/td>\n<td style=\"width: 7.56757%;\">45\u20ac<\/td>\n<\/tr>\n<tr>\n<td style=\"width: 43.7838%;\"><strong>1 ratta tasakaalustamine<\/strong> (\u00f5hu kontroll ja allapanek)<\/td>\n<td style=\"width: 7.38739%;\">8\u20ac<\/td>\n<td style=\"width: 7.38739%;\">9\u20ac<\/td>\n<td style=\"width: 6.30631%;\">10\u20ac<\/td>\n<td style=\"width: 7.56757%;\">12\u20ac<\/td>\n<\/tr>\n<tr>\n<td style=\"width: 43.7838%;\"><strong>1 komplektse ratta vahetus<\/strong><\/td>\n<td style=\"width: 7.38739%;\">6\u20ac<\/td>\n<td style=\"width: 7.38739%;\">7\u20ac<\/td>\n<td style=\"width: 6.30631%;\">7\u20ac<\/td>\n<td style=\"width: 7.56757%;\">8\u20ac<\/td>\n<\/tr>\n<\/tbody>\n<\/table>\n<p>&nbsp;<\/p>\n<h4><img decoding=\"async\" loading=\"lazy\" class=\"alignright wp-image-208\" title=\"Rengasmyynti, renkaanvaihto, sis\u00e4puhdistus, ulkopesu\" src=\"https:\/\/www.balticcar.ee\/autopesula\/wp-content\/uploads\/2017\/02\/carwash-1514403.jpg\" alt=\"Rengasmyynti, renkaanvaihto, sis\u00e4puhdistus, ulkopesu\" width=\"344\" height=\"258\" srcset=\"https:\/\/www.balticcar.ee\/autopesula\/wp-content\/uploads\/2017\/02\/carwash-1514403.jpg 1600w, https:\/\/www.balticcar.ee\/autopesula\/wp-content\/uploads\/2017\/02\/carwash-1514403-300x225.jpg 300w, https:\/\/www.balticcar.ee\/autopesula\/wp-content\/uploads\/2017\/02\/carwash-1514403-768x576.jpg 768w, https:\/\/www.balticcar.ee\/autopesula\/wp-content\/uploads\/2017\/02\/carwash-1514403-1024x768.jpg 1024w\" sizes=\"(max-width: 344px) 100vw, 344px\" \/><\/h4>\n<h4><\/h4>\n<\/div>\n<\/div>\n<h3 style=\"text-align: center;\">&#8211; Rengasty\u00f6t renkaan vaihto &#8211;<\/h3>\n","protected":false},"excerpt":{"rendered":"<p>&#8211; Rengasty\u00f6t renkaan vaihto &#8211; Palveluihimme kuuluu renkaiden [&hellip;]<\/p>\n","protected":false},"author":1,"featured_media":0,"parent":0,"menu_order":0,"comment_status":"closed","ping_status":"closed","template":"children.php","meta":[],"acf":[],"yoast_head":"<!-- This site is optimized with the Yoast SEO plugin v20.11 - https:\/\/yoast.com\/wordpress\/plugins\/seo\/ -->\n<title>Rengasty\u00f6t renkaan vaihto - Baltic Car Rehvid<\/title>\n<meta name=\"description\" content=\"Rengasty\u00f6t renkaan vaihto - Renkaiden myynti ja vaihto -palvelut\" \/>\n<meta name=\"robots\" content=\"index, follow, max-snippet:-1, max-image-preview:large, max-video-preview:-1\" \/>\n<link rel=\"canonical\" href=\"https:\/\/www.balticcar.ee\/autopesula\/fin\/rengastyot-renkaan-vaihto\/\" \/>\n<meta property=\"og:locale\" content=\"en_US\" \/>\n<meta property=\"og:type\" content=\"article\" \/>\n<meta property=\"og:title\" content=\"Rengasty\u00f6t renkaan vaihto - Baltic Car Rehvid\" \/>\n<meta property=\"og:description\" content=\"Rengasty\u00f6t renkaan vaihto - Renkaiden myynti ja vaihto -palvelut\" \/>\n<meta property=\"og:url\" content=\"https:\/\/www.balticcar.ee\/autopesula\/fin\/rengastyot-renkaan-vaihto\/\" \/>\n<meta property=\"og:site_name\" content=\"Baltic Car Rehvid\" \/>\n<meta property=\"article:modified_time\" content=\"2021-11-03T22:18:45+00:00\" \/>\n<meta property=\"og:image\" content=\"https:\/\/www.balticcar.ee\/autopesula\/wp-content\/uploads\/2017\/02\/tyres3-300x203.jpg\" \/>\n<meta name=\"twitter:card\" content=\"summary_large_image\" \/>\n<meta name=\"twitter:label1\" content=\"Est. reading time\" \/>\n\t<meta name=\"twitter:data1\" content=\"2 minutes\" \/>\n<script type=\"application\/ld+json\" class=\"yoast-schema-graph\">{\"@context\":\"https:\/\/schema.org\",\"@graph\":[{\"@type\":\"WebPage\",\"@id\":\"https:\/\/www.balticcar.ee\/autopesula\/fin\/rengastyot-renkaan-vaihto\/\",\"url\":\"https:\/\/www.balticcar.ee\/autopesula\/fin\/rengastyot-renkaan-vaihto\/\",\"name\":\"Rengasty\u00f6t renkaan vaihto - Baltic Car Rehvid\",\"isPartOf\":{\"@id\":\"https:\/\/www.balticcar.ee\/autopesula\/#website\"},\"datePublished\":\"2017-02-13T14:47:02+00:00\",\"dateModified\":\"2021-11-03T22:18:45+00:00\",\"description\":\"Rengasty\u00f6t renkaan vaihto - Renkaiden myynti ja vaihto -palvelut\",\"breadcrumb\":{\"@id\":\"https:\/\/www.balticcar.ee\/autopesula\/fin\/rengastyot-renkaan-vaihto\/#breadcrumb\"},\"inLanguage\":\"en-US\",\"potentialAction\":[{\"@type\":\"ReadAction\",\"target\":[\"https:\/\/www.balticcar.ee\/autopesula\/fin\/rengastyot-renkaan-vaihto\/\"]}]},{\"@type\":\"BreadcrumbList\",\"@id\":\"https:\/\/www.balticcar.ee\/autopesula\/fin\/rengastyot-renkaan-vaihto\/#breadcrumb\",\"itemListElement\":[{\"@type\":\"ListItem\",\"position\":1,\"name\":\"Home\",\"item\":\"https:\/\/www.balticcar.ee\/autopesula\/\"},{\"@type\":\"ListItem\",\"position\":2,\"name\":\"Rengasty\u00f6t renkaan vaihto\"}]},{\"@type\":\"WebSite\",\"@id\":\"https:\/\/www.balticcar.ee\/autopesula\/#website\",\"url\":\"https:\/\/www.balticcar.ee\/autopesula\/\",\"name\":\"Baltic Car Rehvid\",\"description\":\"Rehvid &amp; Rehvivahetus\",\"potentialAction\":[{\"@type\":\"SearchAction\",\"target\":{\"@type\":\"EntryPoint\",\"urlTemplate\":\"https:\/\/www.balticcar.ee\/autopesula\/?s={search_term_string}\"},\"query-input\":\"required name=search_term_string\"}],\"inLanguage\":\"en-US\"}]}<\/script>\n<!-- \/ Yoast SEO plugin. -->","yoast_head_json":{"title":"Rengasty\u00f6t renkaan vaihto - Baltic Car Rehvid","description":"Rengasty\u00f6t renkaan vaihto - Renkaiden myynti ja vaihto -palvelut","robots":{"index":"index","follow":"follow","max-snippet":"max-snippet:-1","max-image-preview":"max-image-preview:large","max-video-preview":"max-video-preview:-1"},"canonical":"https:\/\/www.balticcar.ee\/autopesula\/fin\/rengastyot-renkaan-vaihto\/","og_locale":"en_US","og_type":"article","og_title":"Rengasty\u00f6t renkaan vaihto - Baltic Car Rehvid","og_description":"Rengasty\u00f6t renkaan vaihto - Renkaiden myynti ja vaihto -palvelut","og_url":"https:\/\/www.balticcar.ee\/autopesula\/fin\/rengastyot-renkaan-vaihto\/","og_site_name":"Baltic Car Rehvid","article_modified_time":"2021-11-03T22:18:45+00:00","og_image":[{"url":"https:\/\/www.balticcar.ee\/autopesula\/wp-content\/uploads\/2017\/02\/tyres3-300x203.jpg"}],"twitter_card":"summary_large_image","twitter_misc":{"Est. reading time":"2 minutes"},"schema":{"@context":"https:\/\/schema.org","@graph":[{"@type":"WebPage","@id":"https:\/\/www.balticcar.ee\/autopesula\/fin\/rengastyot-renkaan-vaihto\/","url":"https:\/\/www.balticcar.ee\/autopesula\/fin\/rengastyot-renkaan-vaihto\/","name":"Rengasty\u00f6t renkaan vaihto - Baltic Car Rehvid","isPartOf":{"@id":"https:\/\/www.balticcar.ee\/autopesula\/#website"},"datePublished":"2017-02-13T14:47:02+00:00","dateModified":"2021-11-03T22:18:45+00:00","description":"Rengasty\u00f6t renkaan vaihto - Renkaiden myynti ja vaihto -palvelut","breadcrumb":{"@id":"https:\/\/www.balticcar.ee\/autopesula\/fin\/rengastyot-renkaan-vaihto\/#breadcrumb"},"inLanguage":"en-US","potentialAction":[{"@type":"ReadAction","target":["https:\/\/www.balticcar.ee\/autopesula\/fin\/rengastyot-renkaan-vaihto\/"]}]},{"@type":"BreadcrumbList","@id":"https:\/\/www.balticcar.ee\/autopesula\/fin\/rengastyot-renkaan-vaihto\/#breadcrumb","itemListElement":[{"@type":"ListItem","position":1,"name":"Home","item":"https:\/\/www.balticcar.ee\/autopesula\/"},{"@type":"ListItem","position":2,"name":"Rengasty\u00f6t renkaan vaihto"}]},{"@type":"WebSite","@id":"https:\/\/www.balticcar.ee\/autopesula\/#website","url":"https:\/\/www.balticcar.ee\/autopesula\/","name":"Baltic Car Rehvid","description":"Rehvid &amp; Rehvivahetus","potentialAction":[{"@type":"SearchAction","target":{"@type":"EntryPoint","urlTemplate":"https:\/\/www.balticcar.ee\/autopesula\/?s={search_term_string}"},"query-input":"required name=search_term_string"}],"inLanguage":"en-US"}]}},"_links":{"self":[{"href":"https:\/\/www.balticcar.ee\/autopesula\/wp-json\/wp\/v2\/pages\/351"}],"collection":[{"href":"https:\/\/www.balticcar.ee\/autopesula\/wp-json\/wp\/v2\/pages"}],"about":[{"href":"https:\/\/www.balticcar.ee\/autopesula\/wp-json\/wp\/v2\/types\/page"}],"author":[{"embeddable":true,"href":"https:\/\/www.balticcar.ee\/autopesula\/wp-json\/wp\/v2\/users\/1"}],"replies":[{"embeddable":true,"href":"https:\/\/www.balticcar.ee\/autopesula\/wp-json\/wp\/v2\/comments?post=351"}],"version-history":[{"count":1,"href":"https:\/\/www.balticcar.ee\/autopesula\/wp-json\/wp\/v2\/pages\/351\/revisions"}],"predecessor-version":[{"id":1454,"href":"https:\/\/www.balticcar.ee\/autopesula\/wp-json\/wp\/v2\/pages\/351\/revisions\/1454"}],"wp:attachment":[{"href":"https:\/\/www.balticcar.ee\/autopesula\/wp-json\/wp\/v2\/media?parent=351"}],"curies":[{"name":"wp","href":"https:\/\/api.w.org\/{rel}","templated":true}]}}