{"id":338,"date":"2017-02-13T14:13:52","date_gmt":"2017-02-13T14:13:52","guid":{"rendered":"http:\/\/www.balticcar.ee\/autopesula\/?page_id=338"},"modified":"2022-03-17T15:15:58","modified_gmt":"2022-03-17T15:15:58","slug":"yhteys","status":"publish","type":"page","link":"https:\/\/www.balticcar.ee\/autopesula\/fin\/yhteys\/","title":{"rendered":"Yhteys"},"content":{"rendered":"<h1 style=\"text-align: center;\"><span style=\"color: #4fb34f;\"><strong><span style=\"color: #fdd030;\">Myymme t\u00e4m\u00e4 autonpesun kotisivu<\/span><\/strong><span style=\"color: #fdd030;\">!<\/span><\/span><\/h1>\n<p>&nbsp;<\/p>\n<h4 style=\"text-align: center;\"><strong>Hinta on 650\u20ac<\/strong><\/h4>\n<p>&nbsp;<\/p>\n<p style=\"text-align: center;\"><span style=\"font-size: 14pt;\">Hinta sis\u00e4lt\u00e4\u00e4 yhteystietojen, s\u00e4hk\u00f6postiosoitteiden jne. Sek\u00e4 tarvittavat verkkotunnuksen vaihdon ja siirtoty\u00f6t.\u00a0<\/span><\/p>\n<p>&nbsp;<\/p>\n<p>&nbsp;<\/p>\n<div class=\"row\">\n<div class=\"col-md-6\">\n<p><img decoding=\"async\" loading=\"lazy\" class=\"alignnone size-medium wp-image-239\" src=\"https:\/\/www.balticcar.ee\/autopesula\/wp-content\/uploads\/2017\/01\/rent_logo.png\" alt=\"\" width=\"215\" height=\"62\" \/><\/p>\n<p><span style=\"font-size: 12pt;\"><strong><span style=\"color: #8ac349;\">Autonvuokraamo<\/span><\/strong><\/span><\/p>\n<p>Puh: (372) 5030 222<br \/>\nE-mail: <span style=\"color: #4fb34f;\"><strong>rent<\/strong><\/span>(At)balticcar.ee<br \/>\nNarva mnt 63, Tallinn<\/p>\n<\/div>\n<div class=\"col-md-6 text-right\">\n<p><img decoding=\"async\" loading=\"lazy\" class=\"alignnone wp-image-238 size-full\" title=\"Rengasty\u00f6t, renkaiden myynti\" src=\"https:\/\/www.balticcar.ee\/autopesula\/wp-content\/uploads\/2017\/01\/pesula_logo.png\" alt=\"Rengasty\u00f6t, renkaiden myynti\" width=\"215\" height=\"62\" \/><\/p>\n<h4><span style=\"color: #facb20;\">Rengasty\u00f6t, renkaiden myynti<\/span><\/h4>\n<p>Puh: (372) 566 311 90<br \/>\nE-mail: <strong><span style=\"color: #fdd030;\">autofresh<\/span><\/strong>(At)balticcar.ee<br \/>\nRegati pst 1, Pirita TOP, Tallinn<\/p>\n<\/div>\n<div>\n<p>.<\/p>\n<p>&nbsp;<\/p>\n<p>&nbsp;<\/p>\n<p>&nbsp;<\/p>\n<p>&nbsp;<\/p>\n<p><span style=\"color: #999999;\">\u00a0<\/span><\/p>\n<p style=\"text-align: center;\"><span style=\"color: #999999;\">Rengasmyynti \u00a0 I \u00a0 Renkaanvaihto \u00a0 I \u00a0Autopesula \u00a0 I \u00a0 Sis\u00e4puhdistus \u00a0 I \u00a0 Ulkopesu<\/span><\/p>\n<\/div>\n<\/div>\n","protected":false},"excerpt":{"rendered":"<p>Myymme t\u00e4m\u00e4 autonpesun kotisivu! &nbsp; Hinta on 650\u20ac [&hellip;]<\/p>\n","protected":false},"author":1,"featured_media":0,"parent":0,"menu_order":0,"comment_status":"closed","ping_status":"closed","template":"contact.php","meta":[],"acf":[],"yoast_head":"<!-- This site is optimized with the Yoast SEO plugin v20.11 - https:\/\/yoast.com\/wordpress\/plugins\/seo\/ -->\n<title>Yhteys - Baltic Car Rehvid<\/title>\n<meta name=\"description\" content=\"Rengasty\u00f6t, renkaiden myynti, Rengasmyynti, Renkaanvaihto, Autopesula, Sis\u00e4puhdistus, Ulkopesu P. 372 566 311 90, Regati pst 1, Pirita TOP, Tallinn\" \/>\n<meta name=\"robots\" content=\"index, follow, max-snippet:-1, max-image-preview:large, max-video-preview:-1\" \/>\n<link rel=\"canonical\" href=\"https:\/\/www.balticcar.ee\/autopesula\/fin\/yhteys\/\" \/>\n<meta property=\"og:locale\" content=\"en_US\" \/>\n<meta property=\"og:type\" content=\"article\" \/>\n<meta property=\"og:title\" content=\"Yhteys - Baltic Car Rehvid\" \/>\n<meta property=\"og:description\" content=\"Rengasty\u00f6t, renkaiden myynti, Rengasmyynti, Renkaanvaihto, Autopesula, Sis\u00e4puhdistus, Ulkopesu P. 372 566 311 90, Regati pst 1, Pirita TOP, Tallinn\" \/>\n<meta property=\"og:url\" content=\"https:\/\/www.balticcar.ee\/autopesula\/fin\/yhteys\/\" \/>\n<meta property=\"og:site_name\" content=\"Baltic Car Rehvid\" \/>\n<meta property=\"article:modified_time\" content=\"2022-03-17T15:15:58+00:00\" \/>\n<meta property=\"og:image\" content=\"https:\/\/www.balticcar.ee\/autopesula\/wp-content\/uploads\/2017\/01\/rent_logo.png\" \/>\n<meta name=\"twitter:card\" content=\"summary_large_image\" \/>\n<meta name=\"twitter:label1\" content=\"Est. reading time\" \/>\n\t<meta name=\"twitter:data1\" content=\"1 minute\" \/>\n<script type=\"application\/ld+json\" class=\"yoast-schema-graph\">{\"@context\":\"https:\/\/schema.org\",\"@graph\":[{\"@type\":\"WebPage\",\"@id\":\"https:\/\/www.balticcar.ee\/autopesula\/fin\/yhteys\/\",\"url\":\"https:\/\/www.balticcar.ee\/autopesula\/fin\/yhteys\/\",\"name\":\"Yhteys - Baltic Car Rehvid\",\"isPartOf\":{\"@id\":\"https:\/\/www.balticcar.ee\/autopesula\/#website\"},\"datePublished\":\"2017-02-13T14:13:52+00:00\",\"dateModified\":\"2022-03-17T15:15:58+00:00\",\"description\":\"Rengasty\u00f6t, renkaiden myynti, Rengasmyynti, Renkaanvaihto, Autopesula, Sis\u00e4puhdistus, Ulkopesu P. 372 566 311 90, Regati pst 1, Pirita TOP, Tallinn\",\"breadcrumb\":{\"@id\":\"https:\/\/www.balticcar.ee\/autopesula\/fin\/yhteys\/#breadcrumb\"},\"inLanguage\":\"en-US\",\"potentialAction\":[{\"@type\":\"ReadAction\",\"target\":[\"https:\/\/www.balticcar.ee\/autopesula\/fin\/yhteys\/\"]}]},{\"@type\":\"BreadcrumbList\",\"@id\":\"https:\/\/www.balticcar.ee\/autopesula\/fin\/yhteys\/#breadcrumb\",\"itemListElement\":[{\"@type\":\"ListItem\",\"position\":1,\"name\":\"Home\",\"item\":\"https:\/\/www.balticcar.ee\/autopesula\/\"},{\"@type\":\"ListItem\",\"position\":2,\"name\":\"Yhteys\"}]},{\"@type\":\"WebSite\",\"@id\":\"https:\/\/www.balticcar.ee\/autopesula\/#website\",\"url\":\"https:\/\/www.balticcar.ee\/autopesula\/\",\"name\":\"Baltic Car Rehvid\",\"description\":\"Rehvid &amp; Rehvivahetus\",\"potentialAction\":[{\"@type\":\"SearchAction\",\"target\":{\"@type\":\"EntryPoint\",\"urlTemplate\":\"https:\/\/www.balticcar.ee\/autopesula\/?s={search_term_string}\"},\"query-input\":\"required name=search_term_string\"}],\"inLanguage\":\"en-US\"}]}<\/script>\n<!-- \/ Yoast SEO plugin. -->","yoast_head_json":{"title":"Yhteys - Baltic Car Rehvid","description":"Rengasty\u00f6t, renkaiden myynti, Rengasmyynti, Renkaanvaihto, Autopesula, Sis\u00e4puhdistus, Ulkopesu P. 372 566 311 90, Regati pst 1, Pirita TOP, Tallinn","robots":{"index":"index","follow":"follow","max-snippet":"max-snippet:-1","max-image-preview":"max-image-preview:large","max-video-preview":"max-video-preview:-1"},"canonical":"https:\/\/www.balticcar.ee\/autopesula\/fin\/yhteys\/","og_locale":"en_US","og_type":"article","og_title":"Yhteys - Baltic Car Rehvid","og_description":"Rengasty\u00f6t, renkaiden myynti, Rengasmyynti, Renkaanvaihto, Autopesula, Sis\u00e4puhdistus, Ulkopesu P. 372 566 311 90, Regati pst 1, Pirita TOP, Tallinn","og_url":"https:\/\/www.balticcar.ee\/autopesula\/fin\/yhteys\/","og_site_name":"Baltic Car Rehvid","article_modified_time":"2022-03-17T15:15:58+00:00","og_image":[{"url":"https:\/\/www.balticcar.ee\/autopesula\/wp-content\/uploads\/2017\/01\/rent_logo.png"}],"twitter_card":"summary_large_image","twitter_misc":{"Est. reading time":"1 minute"},"schema":{"@context":"https:\/\/schema.org","@graph":[{"@type":"WebPage","@id":"https:\/\/www.balticcar.ee\/autopesula\/fin\/yhteys\/","url":"https:\/\/www.balticcar.ee\/autopesula\/fin\/yhteys\/","name":"Yhteys - Baltic Car Rehvid","isPartOf":{"@id":"https:\/\/www.balticcar.ee\/autopesula\/#website"},"datePublished":"2017-02-13T14:13:52+00:00","dateModified":"2022-03-17T15:15:58+00:00","description":"Rengasty\u00f6t, renkaiden myynti, Rengasmyynti, Renkaanvaihto, Autopesula, Sis\u00e4puhdistus, Ulkopesu P. 372 566 311 90, Regati pst 1, Pirita TOP, Tallinn","breadcrumb":{"@id":"https:\/\/www.balticcar.ee\/autopesula\/fin\/yhteys\/#breadcrumb"},"inLanguage":"en-US","potentialAction":[{"@type":"ReadAction","target":["https:\/\/www.balticcar.ee\/autopesula\/fin\/yhteys\/"]}]},{"@type":"BreadcrumbList","@id":"https:\/\/www.balticcar.ee\/autopesula\/fin\/yhteys\/#breadcrumb","itemListElement":[{"@type":"ListItem","position":1,"name":"Home","item":"https:\/\/www.balticcar.ee\/autopesula\/"},{"@type":"ListItem","position":2,"name":"Yhteys"}]},{"@type":"WebSite","@id":"https:\/\/www.balticcar.ee\/autopesula\/#website","url":"https:\/\/www.balticcar.ee\/autopesula\/","name":"Baltic Car Rehvid","description":"Rehvid &amp; Rehvivahetus","potentialAction":[{"@type":"SearchAction","target":{"@type":"EntryPoint","urlTemplate":"https:\/\/www.balticcar.ee\/autopesula\/?s={search_term_string}"},"query-input":"required name=search_term_string"}],"inLanguage":"en-US"}]}},"_links":{"self":[{"href":"https:\/\/www.balticcar.ee\/autopesula\/wp-json\/wp\/v2\/pages\/338"}],"collection":[{"href":"https:\/\/www.balticcar.ee\/autopesula\/wp-json\/wp\/v2\/pages"}],"about":[{"href":"https:\/\/www.balticcar.ee\/autopesula\/wp-json\/wp\/v2\/types\/page"}],"author":[{"embeddable":true,"href":"https:\/\/www.balticcar.ee\/autopesula\/wp-json\/wp\/v2\/users\/1"}],"replies":[{"embeddable":true,"href":"https:\/\/www.balticcar.ee\/autopesula\/wp-json\/wp\/v2\/comments?post=338"}],"version-history":[{"count":14,"href":"https:\/\/www.balticcar.ee\/autopesula\/wp-json\/wp\/v2\/pages\/338\/revisions"}],"predecessor-version":[{"id":1547,"href":"https:\/\/www.balticcar.ee\/autopesula\/wp-json\/wp\/v2\/pages\/338\/revisions\/1547"}],"wp:attachment":[{"href":"https:\/\/www.balticcar.ee\/autopesula\/wp-json\/wp\/v2\/media?parent=338"}],"curies":[{"name":"wp","href":"https:\/\/api.w.org\/{rel}","templated":true}]}}