{"id":2,"date":"2017-01-19T13:06:14","date_gmt":"2017-01-19T13:06:14","guid":{"rendered":"http:\/\/www.balticcar.ee\/autopesula\/?page_id=2"},"modified":"2023-05-20T21:10:44","modified_gmt":"2023-05-20T21:10:44","slug":"balticcar-ee-autopesula","status":"publish","type":"page","link":"https:\/\/www.balticcar.ee\/autopesula\/","title":{"rendered":"Avaleht"},"content":{"rendered":"<h1 style=\"text-align: center;\"><span style=\"color: #ffcc00;\"><em>&#8211; M\u00fc\u00fca autopesula koduleht &#8211;<\/em><\/span><\/h1>\n<p><span style=\"font-size: 12pt;\">Tere tulemast meie lehele!<\/span><\/p>\n<p>Teostasime autopesu teenuseid 10 aastat. T\u00e4na oleme suundunud uutele ettev\u00f5tmistele ja k\u00e4esolev koduleht ja domeen on m\u00fc\u00fca.<\/p>\n<p>Meie slogan oli:<\/p>\n<p><span style=\"font-size: 12pt;\">Teostame auto <strong><span style=\"color: #ffcc00;\">k\u00e4sipesu<\/span><\/strong> ja <span style=\"color: #ffcc00;\"><strong>rehvit\u00f6id<\/strong><\/span>. Peseme puhtaks ja teeme ilusaks teie s\u00f5iduauto, maasturi, v\u00e4ikebussi, kaubiku v\u00f5i hooajas\u00f5iduki. Puhastusvahenditena kasutame vaid kvaliteettooteid. Regulaarne auto sisepuhastus hoiab auto salongi v\u00e4rskena, mist\u00f5ttu soovitame seda ette v\u00f5tta v\u00e4hemalt korra kuus.<\/span><\/p>\n<p><span style=\"font-size: 12pt;\">Autopesula ootet\u00f6\u00f6de korral saate meeldivalt aega veeta l\u00e4hedal asuvates kohvikutes v\u00f5i s\u00f6\u00f6gikohtades.<\/span><\/p>\n<p><span style=\"font-size: 12pt;\">Meilt saab tellida soodsate hindadega ja tunnustatud rehvitootjate rehve nagu Goodyear, Pirelli, Dunlop ning Hankook.\u00a0Alates 4 rehvi ostmisest ja paigalduse tellimisest on kohaletoimetamine tasuta. Rehvid k\u00e4tte samal p\u00e4eval!<\/span><\/p>\n<p><span style=\"font-size: 12pt;\">Pakume hooajaliselt seisvatele rehvidele mugavat <span style=\"color: #ffcc00;\"><strong>hoiustamise teenust<\/strong><\/span> meie laos.<\/span><\/p>\n<p>&nbsp;<\/p>\n<div class=\"container\">\n<div class=\"row\">\n<div class=\"col-md-12\">\n<div class=\"well\">\n<div class=\"row\">\n<div class=\"col-md-4\">\n<div class=\"img-wrapper\"><img decoding=\"async\" loading=\"lazy\" class=\"img-responsive wp-post-image alignnone\" title=\"Autopesula\" src=\"https:\/\/www.balticcar.ee\/autopesula\/wp-content\/uploads\/2017\/02\/1492-1024x683.jpg\" alt=\"Autopesula\" width=\"768\" height=\"512\" \/><\/div>\n<\/div>\n<div class=\"col-md-8\">\n<h3><a title=\"Keemiline puhastus\" href=\"https:\/\/www.balticcar.ee\/autopesula\/est\/sisepuhastus\/keemiline-puhastus\/\">KEEMILINE PUHASTUS<\/a><\/h3>\n<p>Kevadhooaja alguses tuleks autole teha p\u00f5hjalikum suurpuhastus ning vajadusel tellida ka kvaliteetne salongi keemiline puhastus. Millal see on vajalik? Ajaga koguneb auto salongi palju sellist tolmu ja mustust, mis tungivad istmekatete pooridesse. Inimese rasu ummistab v\u00e4ikeseid avasid ja ladestub eri l\u00fclititele ning tekstiili, kui \u00f5igel ajal on j\u00e4\u00e4nud istmek&#8230;<\/p>\n<p><a class=\"btn btn-primary pull-right\" href=\"https:\/\/www.balticcar.ee\/autopesula\/est\/sisepuhastus\/keemiline-puhastus\/\">VAATA L\u00c4HEMALT<\/a><\/p>\n<\/div>\n<\/div>\n<p>&nbsp;<\/p>\n<\/div>\n<\/div>\n<\/div>\n<\/div>\n<div id=\"footer-callout-wrapper\" class=\"container-fluid\"><\/div>\n<div class=\"col-md-8\"><\/div>\n<div class=\"col-md-8\">\n<div class=\"container\">\n<div class=\"row\">\n<div class=\"col-md-12\">\n<div class=\"well\">\n<div class=\"row\">\n<div class=\"col-md-4\">\n<div class=\"img-wrapper\"><img decoding=\"async\" loading=\"lazy\" class=\"img-responsive wp-post-image\" src=\"https:\/\/www.balticcar.ee\/autopesula\/wp-content\/uploads\/2017\/02\/OBBPSU0-1024x683.jpg\" sizes=\"(max-width: 768px) 100vw, 768px\" srcset=\"https:\/\/www.balticcar.ee\/autopesula\/wp-content\/uploads\/2017\/02\/OBBPSU0.jpg 1024w, https:\/\/www.balticcar.ee\/autopesula\/wp-content\/uploads\/2017\/02\/OBBPSU0-300x200.jpg 300w, https:\/\/www.balticcar.ee\/autopesula\/wp-content\/uploads\/2017\/02\/OBBPSU0-768x512.jpg 768w\" alt=\"Vahatamine\" width=\"768\" height=\"512\" \/><\/div>\n<\/div>\n<div class=\"col-md-8\">\n<h3><a title=\"Vahatamine\" href=\"https:\/\/www.balticcar.ee\/autopesula\/est\/valipesu-kasipesula-pirital\/vahatamine\/\">VAHATAMINE<\/a><\/h3>\n<p>Auto regulaarne pesemine ja vahatamine kaitseb auto kere v\u00e4rvi pikka aega. Seet\u00f5ttu soovitame s\u00f5idukit pesta v\u00f5imalikult sageli ning ka vahatada v\u00e4hemalt kaks korda aastas. Eelnevalt tuleb autol alati eemaldada asfaldist tekkiv pigi. Selleks peab kasutama spetsiaalseid pigieemalduse aineid. Baltic Car k\u00e4sipesulas kasutame autode pesemisel ja hooldusel maai&#8230;<\/p>\n<p><a class=\"btn btn-primary pull-right\" href=\"https:\/\/www.balticcar.ee\/autopesula\/est\/valipesu-kasipesula-pirital\/vahatamine\/\">VAATA L\u00c4HEMALT<\/a><\/p>\n<\/div>\n<p>&nbsp;<\/p>\n<\/div>\n<\/div>\n<\/div>\n<\/div>\n<\/div>\n<h2 id=\"footer-callout-wrapper\" class=\"container-fluid\" style=\"text-align: center; padding-left: 360px;\">\u00a0<em><span style=\"color: #999999;\">&#8211; Autopesula &#8211;<\/span><\/em><\/h2>\n<hr \/>\n<p>&nbsp;<\/p>\n<\/div>\n","protected":false},"excerpt":{"rendered":"<p>&#8211; M\u00fc\u00fca autopesula koduleht &#8211; Tere tulemast meie [&hellip;]<\/p>\n","protected":false},"author":1,"featured_media":0,"parent":0,"menu_order":0,"comment_status":"closed","ping_status":"closed","template":"front-page.php","meta":[],"acf":[],"yoast_head":"<!-- This site is optimized with the Yoast SEO plugin v20.11 - https:\/\/yoast.com\/wordpress\/plugins\/seo\/ -->\n<title>M\u00fc\u00fca autopesula koduleht<\/title>\n<meta name=\"description\" content=\"M\u00fc\u00fca autopesula koduleht - Peseme puhtaks ja teeme ilusaks teie auto. Pirita autopesula teostab auto k\u00e4sipesu. Puhastame ja teeme ilusaks ..\" \/>\n<meta name=\"robots\" content=\"index, follow, max-snippet:-1, max-image-preview:large, max-video-preview:-1\" \/>\n<link rel=\"canonical\" href=\"https:\/\/www.balticcar.ee\/autopesula\/\" \/>\n<meta property=\"og:locale\" content=\"en_US\" \/>\n<meta property=\"og:type\" content=\"article\" \/>\n<meta property=\"og:title\" content=\"M\u00fc\u00fca autopesula koduleht\" \/>\n<meta property=\"og:description\" content=\"M\u00fc\u00fca autopesula koduleht - Peseme puhtaks ja teeme ilusaks teie auto. Pirita autopesula teostab auto k\u00e4sipesu. Puhastame ja teeme ilusaks ..\" \/>\n<meta property=\"og:url\" content=\"https:\/\/www.balticcar.ee\/autopesula\/\" \/>\n<meta property=\"og:site_name\" content=\"Baltic Car Rehvid\" \/>\n<meta property=\"article:modified_time\" content=\"2023-05-20T21:10:44+00:00\" \/>\n<meta property=\"og:image\" content=\"https:\/\/www.balticcar.ee\/autopesula\/wp-content\/uploads\/2017\/02\/1492-1024x683.jpg\" \/>\n<meta name=\"twitter:card\" content=\"summary_large_image\" \/>\n<meta name=\"twitter:label1\" content=\"Est. reading time\" \/>\n\t<meta name=\"twitter:data1\" content=\"1 minute\" \/>\n<script type=\"application\/ld+json\" class=\"yoast-schema-graph\">{\"@context\":\"https:\/\/schema.org\",\"@graph\":[{\"@type\":\"WebPage\",\"@id\":\"https:\/\/www.balticcar.ee\/autopesula\/\",\"url\":\"https:\/\/www.balticcar.ee\/autopesula\/\",\"name\":\"M\u00fc\u00fca autopesula koduleht\",\"isPartOf\":{\"@id\":\"https:\/\/www.balticcar.ee\/autopesula\/#website\"},\"datePublished\":\"2017-01-19T13:06:14+00:00\",\"dateModified\":\"2023-05-20T21:10:44+00:00\",\"description\":\"M\u00fc\u00fca autopesula koduleht - Peseme puhtaks ja teeme ilusaks teie auto. Pirita autopesula teostab auto k\u00e4sipesu. Puhastame ja teeme ilusaks ..\",\"breadcrumb\":{\"@id\":\"https:\/\/www.balticcar.ee\/autopesula\/#breadcrumb\"},\"inLanguage\":\"en-US\",\"potentialAction\":[{\"@type\":\"ReadAction\",\"target\":[\"https:\/\/www.balticcar.ee\/autopesula\/\"]}]},{\"@type\":\"BreadcrumbList\",\"@id\":\"https:\/\/www.balticcar.ee\/autopesula\/#breadcrumb\",\"itemListElement\":[{\"@type\":\"ListItem\",\"position\":1,\"name\":\"Home\",\"item\":\"https:\/\/www.balticcar.ee\/autopesula\/\"},{\"@type\":\"ListItem\",\"position\":2,\"name\":\"Avaleht\"}]},{\"@type\":\"WebSite\",\"@id\":\"https:\/\/www.balticcar.ee\/autopesula\/#website\",\"url\":\"https:\/\/www.balticcar.ee\/autopesula\/\",\"name\":\"Baltic Car Rehvid\",\"description\":\"Rehvid &amp; Rehvivahetus\",\"potentialAction\":[{\"@type\":\"SearchAction\",\"target\":{\"@type\":\"EntryPoint\",\"urlTemplate\":\"https:\/\/www.balticcar.ee\/autopesula\/?s={search_term_string}\"},\"query-input\":\"required name=search_term_string\"}],\"inLanguage\":\"en-US\"}]}<\/script>\n<!-- \/ Yoast SEO plugin. -->","yoast_head_json":{"title":"M\u00fc\u00fca autopesula koduleht","description":"M\u00fc\u00fca autopesula koduleht - Peseme puhtaks ja teeme ilusaks teie auto. Pirita autopesula teostab auto k\u00e4sipesu. Puhastame ja teeme ilusaks ..","robots":{"index":"index","follow":"follow","max-snippet":"max-snippet:-1","max-image-preview":"max-image-preview:large","max-video-preview":"max-video-preview:-1"},"canonical":"https:\/\/www.balticcar.ee\/autopesula\/","og_locale":"en_US","og_type":"article","og_title":"M\u00fc\u00fca autopesula koduleht","og_description":"M\u00fc\u00fca autopesula koduleht - Peseme puhtaks ja teeme ilusaks teie auto. Pirita autopesula teostab auto k\u00e4sipesu. Puhastame ja teeme ilusaks ..","og_url":"https:\/\/www.balticcar.ee\/autopesula\/","og_site_name":"Baltic Car Rehvid","article_modified_time":"2023-05-20T21:10:44+00:00","og_image":[{"url":"https:\/\/www.balticcar.ee\/autopesula\/wp-content\/uploads\/2017\/02\/1492-1024x683.jpg"}],"twitter_card":"summary_large_image","twitter_misc":{"Est. reading time":"1 minute"},"schema":{"@context":"https:\/\/schema.org","@graph":[{"@type":"WebPage","@id":"https:\/\/www.balticcar.ee\/autopesula\/","url":"https:\/\/www.balticcar.ee\/autopesula\/","name":"M\u00fc\u00fca autopesula koduleht","isPartOf":{"@id":"https:\/\/www.balticcar.ee\/autopesula\/#website"},"datePublished":"2017-01-19T13:06:14+00:00","dateModified":"2023-05-20T21:10:44+00:00","description":"M\u00fc\u00fca autopesula koduleht - Peseme puhtaks ja teeme ilusaks teie auto. Pirita autopesula teostab auto k\u00e4sipesu. Puhastame ja teeme ilusaks ..","breadcrumb":{"@id":"https:\/\/www.balticcar.ee\/autopesula\/#breadcrumb"},"inLanguage":"en-US","potentialAction":[{"@type":"ReadAction","target":["https:\/\/www.balticcar.ee\/autopesula\/"]}]},{"@type":"BreadcrumbList","@id":"https:\/\/www.balticcar.ee\/autopesula\/#breadcrumb","itemListElement":[{"@type":"ListItem","position":1,"name":"Home","item":"https:\/\/www.balticcar.ee\/autopesula\/"},{"@type":"ListItem","position":2,"name":"Avaleht"}]},{"@type":"WebSite","@id":"https:\/\/www.balticcar.ee\/autopesula\/#website","url":"https:\/\/www.balticcar.ee\/autopesula\/","name":"Baltic Car Rehvid","description":"Rehvid &amp; Rehvivahetus","potentialAction":[{"@type":"SearchAction","target":{"@type":"EntryPoint","urlTemplate":"https:\/\/www.balticcar.ee\/autopesula\/?s={search_term_string}"},"query-input":"required name=search_term_string"}],"inLanguage":"en-US"}]}},"_links":{"self":[{"href":"https:\/\/www.balticcar.ee\/autopesula\/wp-json\/wp\/v2\/pages\/2"}],"collection":[{"href":"https:\/\/www.balticcar.ee\/autopesula\/wp-json\/wp\/v2\/pages"}],"about":[{"href":"https:\/\/www.balticcar.ee\/autopesula\/wp-json\/wp\/v2\/types\/page"}],"author":[{"embeddable":true,"href":"https:\/\/www.balticcar.ee\/autopesula\/wp-json\/wp\/v2\/users\/1"}],"replies":[{"embeddable":true,"href":"https:\/\/www.balticcar.ee\/autopesula\/wp-json\/wp\/v2\/comments?post=2"}],"version-history":[{"count":27,"href":"https:\/\/www.balticcar.ee\/autopesula\/wp-json\/wp\/v2\/pages\/2\/revisions"}],"predecessor-version":[{"id":1562,"href":"https:\/\/www.balticcar.ee\/autopesula\/wp-json\/wp\/v2\/pages\/2\/revisions\/1562"}],"wp:attachment":[{"href":"https:\/\/www.balticcar.ee\/autopesula\/wp-json\/wp\/v2\/media?parent=2"}],"curies":[{"name":"wp","href":"https:\/\/api.w.org\/{rel}","templated":true}]}}