{"id":10,"date":"2017-01-19T13:27:29","date_gmt":"2017-01-19T13:27:29","guid":{"rendered":"http:\/\/www.balticcar.ee\/autopesula\/?page_id=10"},"modified":"2022-03-17T15:02:29","modified_gmt":"2022-03-17T15:02:29","slug":"kontakt","status":"publish","type":"page","link":"https:\/\/www.balticcar.ee\/autopesula\/kontakt\/","title":{"rendered":"Kontakt"},"content":{"rendered":"<h2 style=\"text-align: center;\"><strong><span style=\"color: #4ab54a;\"><span style=\"color: #fdd030;\">PAKUME M\u00dc\u00dcA K\u00c4ESOLEVAT<\/span> <span style=\"color: #fdd030;\">AUTOPESULA<\/span> <span style=\"color: #fdd030;\">KODULEHTE!<\/span><\/span><\/strong><\/h2>\n<h3 style=\"text-align: center;\"><\/h3>\n<h3 style=\"text-align: center;\">Kodulehe hind 540\u20ac<\/h3>\n<h4 style=\"text-align: center;\">Hind sisaldab kontaktide, e-posti aadresside jne muutmist ning vajalikke domeeni \u00fclekolimise t\u00f6id.<\/h4>\n<p>&nbsp;<\/p>\n<div class=\"row\">\n<div class=\"col-md-6\">\n<p><img decoding=\"async\" loading=\"lazy\" class=\"alignnone size-full wp-image-238\" src=\"\/\/www.balticcar.ee\/autopesula\/wp-content\/uploads\/2017\/01\/pesula_logo.png\" alt=\"\" width=\"215\" height=\"62\" \/><\/p>\n<p>Tel: (372) 566 311 90<br \/>\nE-mail:\u00a0 <span style=\"color: #fdd030;\"><strong>autofresh<\/strong><\/span>(At)balticcar.eu<br \/>\nPurje 8, Pirita TOP, Tallinn<\/p>\n<\/div>\n<div class=\"col-md-6 text-right\"><img decoding=\"async\" loading=\"lazy\" class=\"alignnone size-medium wp-image-239\" src=\"\/\/www.balticcar.ee\/autopesula\/wp-content\/uploads\/2017\/01\/rent_logo.png\" alt=\"\" width=\"215\" height=\"62\" \/><\/div>\n<div class=\"col-md-6 text-right\">Tel: (372) 5030 222<br \/>\nE-mail:\u00a0<span style=\"color: #4ab54a;\"><strong> rent<\/strong><\/span>(At)balticcar.eu<br \/>\nNarva mnt 63, Tallinn<\/div>\n<p><span style=\"color: #999999;\">.<\/span><\/p>\n<p><iframe loading=\"lazy\" style=\"border: 0;\" tabindex=\"0\" src=\"https:\/\/www.google.com\/maps\/embed?pb=!4v1599655225797!6m8!1m7!1sKDSj4UCwsKSSVuDhlBZ4rA!2m2!1d59.46551146137502!2d24.82518797766161!3f40.56104819760078!4f1.195987199305094!5f1.9587109090973311\" width=\"600\" height=\"450\" frameborder=\"0\" allowfullscreen=\"allowfullscreen\" aria-hidden=\"false\"><\/iframe><\/p>\n<\/div>\n","protected":false},"excerpt":{"rendered":"<p>PAKUME M\u00dc\u00dcA K\u00c4ESOLEVAT AUTOPESULA KODULEHTE! Kodulehe hind 540\u20ac [&hellip;]<\/p>\n","protected":false},"author":1,"featured_media":0,"parent":0,"menu_order":0,"comment_status":"closed","ping_status":"closed","template":"contact.php","meta":[],"acf":[],"yoast_head":"<!-- This site is optimized with the Yoast SEO plugin v20.11 - https:\/\/yoast.com\/wordpress\/plugins\/seo\/ -->\n<title>Kontakt - Baltic Car Rehvid Kontakt<\/title>\n<meta name=\"description\" content=\"Kontakt - Tel: (372) 566 311 90, E-mail:\u00a0 autofresh(At)balticcar.eu Purje 8, Pirita TOP, Tallinn, Eesti. Autopesula\" \/>\n<meta name=\"robots\" content=\"index, follow, max-snippet:-1, max-image-preview:large, max-video-preview:-1\" \/>\n<link rel=\"canonical\" href=\"https:\/\/www.balticcar.ee\/autopesula\/kontakt\/\" \/>\n<meta property=\"og:locale\" content=\"en_US\" \/>\n<meta property=\"og:type\" content=\"article\" \/>\n<meta property=\"og:title\" content=\"Kontakt - Baltic Car Rehvid Kontakt\" \/>\n<meta property=\"og:description\" content=\"Kontakt - Tel: (372) 566 311 90, E-mail:\u00a0 autofresh(At)balticcar.eu Purje 8, Pirita TOP, Tallinn, Eesti. Autopesula\" \/>\n<meta property=\"og:url\" content=\"https:\/\/www.balticcar.ee\/autopesula\/kontakt\/\" \/>\n<meta property=\"og:site_name\" content=\"Baltic Car Rehvid\" \/>\n<meta property=\"article:modified_time\" content=\"2022-03-17T15:02:29+00:00\" \/>\n<meta property=\"og:image\" content=\"\/\/www.balticcar.ee\/autopesula\/wp-content\/uploads\/2017\/01\/pesula_logo.png\" \/>\n<meta name=\"twitter:card\" content=\"summary_large_image\" \/>\n<script type=\"application\/ld+json\" class=\"yoast-schema-graph\">{\"@context\":\"https:\/\/schema.org\",\"@graph\":[{\"@type\":\"WebPage\",\"@id\":\"https:\/\/www.balticcar.ee\/autopesula\/kontakt\/\",\"url\":\"https:\/\/www.balticcar.ee\/autopesula\/kontakt\/\",\"name\":\"Kontakt - Baltic Car Rehvid Kontakt\",\"isPartOf\":{\"@id\":\"https:\/\/www.balticcar.ee\/autopesula\/#website\"},\"datePublished\":\"2017-01-19T13:27:29+00:00\",\"dateModified\":\"2022-03-17T15:02:29+00:00\",\"description\":\"Kontakt - Tel: (372) 566 311 90, E-mail:\u00a0 autofresh(At)balticcar.eu Purje 8, Pirita TOP, Tallinn, Eesti. Autopesula\",\"breadcrumb\":{\"@id\":\"https:\/\/www.balticcar.ee\/autopesula\/kontakt\/#breadcrumb\"},\"inLanguage\":\"en-US\",\"potentialAction\":[{\"@type\":\"ReadAction\",\"target\":[\"https:\/\/www.balticcar.ee\/autopesula\/kontakt\/\"]}]},{\"@type\":\"BreadcrumbList\",\"@id\":\"https:\/\/www.balticcar.ee\/autopesula\/kontakt\/#breadcrumb\",\"itemListElement\":[{\"@type\":\"ListItem\",\"position\":1,\"name\":\"Home\",\"item\":\"https:\/\/www.balticcar.ee\/autopesula\/\"},{\"@type\":\"ListItem\",\"position\":2,\"name\":\"Kontakt\"}]},{\"@type\":\"WebSite\",\"@id\":\"https:\/\/www.balticcar.ee\/autopesula\/#website\",\"url\":\"https:\/\/www.balticcar.ee\/autopesula\/\",\"name\":\"Baltic Car Rehvid\",\"description\":\"Rehvid &amp; Rehvivahetus\",\"potentialAction\":[{\"@type\":\"SearchAction\",\"target\":{\"@type\":\"EntryPoint\",\"urlTemplate\":\"https:\/\/www.balticcar.ee\/autopesula\/?s={search_term_string}\"},\"query-input\":\"required name=search_term_string\"}],\"inLanguage\":\"en-US\"}]}<\/script>\n<!-- \/ Yoast SEO plugin. -->","yoast_head_json":{"title":"Kontakt - Baltic Car Rehvid Kontakt","description":"Kontakt - Tel: (372) 566 311 90, E-mail:\u00a0 autofresh(At)balticcar.eu Purje 8, Pirita TOP, Tallinn, Eesti. Autopesula","robots":{"index":"index","follow":"follow","max-snippet":"max-snippet:-1","max-image-preview":"max-image-preview:large","max-video-preview":"max-video-preview:-1"},"canonical":"https:\/\/www.balticcar.ee\/autopesula\/kontakt\/","og_locale":"en_US","og_type":"article","og_title":"Kontakt - Baltic Car Rehvid Kontakt","og_description":"Kontakt - Tel: (372) 566 311 90, E-mail:\u00a0 autofresh(At)balticcar.eu Purje 8, Pirita TOP, Tallinn, Eesti. Autopesula","og_url":"https:\/\/www.balticcar.ee\/autopesula\/kontakt\/","og_site_name":"Baltic Car Rehvid","article_modified_time":"2022-03-17T15:02:29+00:00","og_image":[{"url":"\/\/www.balticcar.ee\/autopesula\/wp-content\/uploads\/2017\/01\/pesula_logo.png"}],"twitter_card":"summary_large_image","schema":{"@context":"https:\/\/schema.org","@graph":[{"@type":"WebPage","@id":"https:\/\/www.balticcar.ee\/autopesula\/kontakt\/","url":"https:\/\/www.balticcar.ee\/autopesula\/kontakt\/","name":"Kontakt - Baltic Car Rehvid Kontakt","isPartOf":{"@id":"https:\/\/www.balticcar.ee\/autopesula\/#website"},"datePublished":"2017-01-19T13:27:29+00:00","dateModified":"2022-03-17T15:02:29+00:00","description":"Kontakt - Tel: (372) 566 311 90, E-mail:\u00a0 autofresh(At)balticcar.eu Purje 8, Pirita TOP, Tallinn, Eesti. Autopesula","breadcrumb":{"@id":"https:\/\/www.balticcar.ee\/autopesula\/kontakt\/#breadcrumb"},"inLanguage":"en-US","potentialAction":[{"@type":"ReadAction","target":["https:\/\/www.balticcar.ee\/autopesula\/kontakt\/"]}]},{"@type":"BreadcrumbList","@id":"https:\/\/www.balticcar.ee\/autopesula\/kontakt\/#breadcrumb","itemListElement":[{"@type":"ListItem","position":1,"name":"Home","item":"https:\/\/www.balticcar.ee\/autopesula\/"},{"@type":"ListItem","position":2,"name":"Kontakt"}]},{"@type":"WebSite","@id":"https:\/\/www.balticcar.ee\/autopesula\/#website","url":"https:\/\/www.balticcar.ee\/autopesula\/","name":"Baltic Car Rehvid","description":"Rehvid &amp; Rehvivahetus","potentialAction":[{"@type":"SearchAction","target":{"@type":"EntryPoint","urlTemplate":"https:\/\/www.balticcar.ee\/autopesula\/?s={search_term_string}"},"query-input":"required name=search_term_string"}],"inLanguage":"en-US"}]}},"_links":{"self":[{"href":"https:\/\/www.balticcar.ee\/autopesula\/wp-json\/wp\/v2\/pages\/10"}],"collection":[{"href":"https:\/\/www.balticcar.ee\/autopesula\/wp-json\/wp\/v2\/pages"}],"about":[{"href":"https:\/\/www.balticcar.ee\/autopesula\/wp-json\/wp\/v2\/types\/page"}],"author":[{"embeddable":true,"href":"https:\/\/www.balticcar.ee\/autopesula\/wp-json\/wp\/v2\/users\/1"}],"replies":[{"embeddable":true,"href":"https:\/\/www.balticcar.ee\/autopesula\/wp-json\/wp\/v2\/comments?post=10"}],"version-history":[{"count":17,"href":"https:\/\/www.balticcar.ee\/autopesula\/wp-json\/wp\/v2\/pages\/10\/revisions"}],"predecessor-version":[{"id":1537,"href":"https:\/\/www.balticcar.ee\/autopesula\/wp-json\/wp\/v2\/pages\/10\/revisions\/1537"}],"wp:attachment":[{"href":"https:\/\/www.balticcar.ee\/autopesula\/wp-json\/wp\/v2\/media?parent=10"}],"curies":[{"name":"wp","href":"https:\/\/api.w.org\/{rel}","templated":true}]}}